{"id":1080,"date":"2017-01-14T07:14:55","date_gmt":"2017-01-14T06:14:55","guid":{"rendered":"http:\/\/consulting.stylemixthemes.com\/?page_id=2"},"modified":"2021-04-14T13:54:27","modified_gmt":"2021-04-14T11:54:27","slug":"home","status":"publish","type":"page","link":"https:\/\/form.cohen-corporate-assurances.com\/courtier\/","title":{"rendered":"home"},"content":{"rendered":"<p>[vc_row full_width=\u00a0\u00bbstretch_row_content_no_spaces\u00a0\u00bb content_placement=\u00a0\u00bbmiddle\u00a0\u00bb css=\u00a0\u00bb.vc_custom_1605525086511{margin-bottom: 56px !important;}\u00a0\u00bb][vc_column offset=\u00a0\u00bbvc_hidden-xs\u00a0\u00bb]\n\t\t\t<!-- START video REVOLUTION SLIDER 6.2.22 --><p class=\"rs-p-wp-fix\"><\/p>\n\t\t\t<rs-module-wrap id=\"rev_slider_2_1_wrapper\" data-source=\"gallery\" style=\"background:transparent;padding:0;margin:0px auto;margin-top:0;margin-bottom:0;\">\n\t\t\t\t<rs-module id=\"rev_slider_2_1\" style=\"\" data-version=\"6.2.22\">\n\t\t\t\t\t<rs-slides>\n\t\t\t\t\t\t<rs-slide data-key=\"rs-3\" data-title=\"Slide\" data-anim=\"ei:d;eo:d;s:d;r:0;t:fade;sl:d;\">\n\t\t\t\t\t\t\t<img src=\"\/\/img.youtube.com\/vi\/gPgMltxn-N4\/sddefault.jpg\" title=\"home\" class=\"rev-slidebg\" data-no-retina>\n\t\t\t\t\t\t\t<rs-bgvideo \n\t\t\t\t\t\t\t\tdata-video=\"vc:none;w:100%;h:100%;nse:false;l:loopandnoslidestop;ptimer:false;\"\n\t\t\t\t\t\t\t\tdata-ytid=\"gPgMltxn-N4\"\n\t\t\t\t\t\t\t\tdata-vatr=\"version=3&amp;enablejsapi=1&amp;html5=1&amp;hd=1&amp;wmode=opaque&amp;showinfo=0&amp;rel=0&amp;autoplay=1&amp;origin=https:\/\/form.cohen-corporate-assurances.com;\"\n\t\t\t\t\t\t\t><\/rs-bgvideo>\n<!---->\t\t\t\t\t\t<\/rs-slide>\n\t\t\t\t\t<\/rs-slides>\n\t\t\t\t<\/rs-module>\n\t\t\t\t<script type=\"text\/javascript\">\n\t\t\t\t\tsetREVStartSize({c: 'rev_slider_2_1',rl:[1240,1024,778,480],el:[],gw:[1240],gh:[868],type:'hero',justify:'',layout:'fullwidth',mh:\"0\"});\n\t\t\t\t\tvar\trevapi2,\n\t\t\t\t\t\ttpj;\n\t\t\t\t\tfunction revinit_revslider21() {\n\t\t\t\t\tjQuery(function() {\n\t\t\t\t\t\ttpj = jQuery;\n\t\t\t\t\t\trevapi2 = tpj(\"#rev_slider_2_1\");\n\t\t\t\t\t\tif(revapi2==undefined || revapi2.revolution == undefined){\n\t\t\t\t\t\t\trevslider_showDoubleJqueryError(\"rev_slider_2_1\");\n\t\t\t\t\t\t}else{\n\t\t\t\t\t\t\trevapi2.revolution({\n\t\t\t\t\t\t\t\tsliderType:\"hero\",\n\t\t\t\t\t\t\t\tsliderLayout:\"fullwidth\",\n\t\t\t\t\t\t\t\tvisibilityLevels:\"1240,1024,778,480\",\n\t\t\t\t\t\t\t\tgridwidth:1240,\n\t\t\t\t\t\t\t\tgridheight:868,\n\t\t\t\t\t\t\t\tspinner:\"spinner0\",\n\t\t\t\t\t\t\t\tperspectiveType:\"local\",\n\t\t\t\t\t\t\t\tresponsiveLevels:\"1240,1024,778,480\",\n\t\t\t\t\t\t\t\tprogressBar:{disableProgressBar:true},\n\t\t\t\t\t\t\t\tnavigation: {\n\t\t\t\t\t\t\t\t\tonHoverStop:false\n\t\t\t\t\t\t\t\t},\n\t\t\t\t\t\t\t\tfallbacks: {\n\t\t\t\t\t\t\t\t\tallowHTML5AutoPlayOnAndroid:true\n\t\t\t\t\t\t\t\t},\n\t\t\t\t\t\t\t});\n\t\t\t\t\t\t}\n\t\t\t\t\t\t\n\t\t\t\t\t});\n\t\t\t\t\t} \/\/ End of RevInitScript\n\t\t\t\tvar once_revslider21 = false;\n\t\t\t\tif (document.readyState === \"loading\") {document.addEventListener('readystatechange',function() { if((document.readyState === \"interactive\" || document.readyState === \"complete\") && !once_revslider21 ) { once_revslider21 = true; revinit_revslider21();}});} else {once_revslider21 = true; revinit_revslider21();}\n\t\t\t\t<\/script>\n\t\t\t<\/rs-module-wrap>\n\t\t\t<!-- END REVOLUTION SLIDER -->\n[\/vc_column][\/vc_row][vc_row full_width=\u00a0\u00bbstretch_row_content\u00a0\u00bb css=\u00a0\u00bb.vc_custom_1484126951405{margin-bottom: 58px !important;}\u00a0\u00bb][vc_column][vc_custom_heading text=\u00a0\u00bbGROUPE COHEN CORPORATE\u00a0\u00bb font_container=\u00a0\u00bbtag:h1|text_align:center\u00a0\u00bb use_theme_fonts=\u00a0\u00bbyes\u00a0\u00bb css=\u00a0\u00bb.vc_custom_1484560113759{margin-bottom: 60px !important;}\u00a0\u00bb][vc_column_text]<\/p>\n<p style=\"text-align: center;\">Votre conseiller pour la gestion de vos contrats d&rsquo;assurances et votre soutien en cas de coup dur.<br \/>\nGr\u00e2ce \u00e0 notre cabinet, vous b\u00e9n\u00e9ficiez d&rsquo;un diagnostic pr\u00e9cis de votre situation et de vos besoins, et ce quels que soient vos projets et vos pr\u00e9occupations.[\/vc_column_text][vc_row_inner css=\u00a0\u00bb.vc_custom_1460959302608{margin-bottom: 23px !important;}\u00a0\u00bb][vc_column_inner width=\u00a0\u00bb1\/3&Prime;][vc_video link=\u00a0\u00bbhttps:\/\/www.youtube.com\/embed\/m6UFsQL01Nc\u00a0\u00bb css=\u00a0\u00bb.vc_custom_1495030457203{padding-top: 20px !important;}\u00a0\u00bb][\/vc_column_inner][vc_column_inner width=\u00a0\u00bb1\/3&Prime;][vc_column_text]<\/p>\n<p class=\"font_8\">Notre d\u00e9fi quotidien est de vous trouver des solutions adapt\u00e9es \u00e0 chaque situation:<\/p>\n<ul class=\"font_8\">\n<li>\n<p class=\"font_8\">Prot\u00e9ger vos biens: multirisques, protection juridique&#8230;<\/p>\n<\/li>\n<\/ul>\n<ul class=\"font_8\">\n<li>\n<p class=\"font_8\">Prot\u00e9ger l&rsquo;avenir de vos proches: succession, d\u00e9pendance, garantie accident de la vie (GAV)&#8230;<\/p>\n<\/li>\n<\/ul>\n<ul class=\"font_8\">\n<li>\n<p class=\"font_8\">Faire fructifier vos \u00e9conomies: assurances-vie, PERP, plan \u00e9pargne populaire)&#8230;<\/p>\n<\/li>\n<\/ul>\n<ul class=\"font_8\">\n<li>\n<p class=\"font_8\">Financer vos projets : d\u00e9veloppement de votre entreprise&#8230;<\/p>\n<\/li>\n<\/ul>\n<ul class=\"font_8\">\n<li>\n<p class=\"font_8\">Prot\u00e9ger votre famille et vous prot\u00e9ger: sant\u00e9, pr\u00e9voyance&#8230;<\/p>\n<\/li>\n<\/ul>\n<p>[\/vc_column_text][\/vc_column_inner][vc_column_inner width=\u00a0\u00bb1\/3&Prime;][vc_video link=\u00a0\u00bbhttps:\/\/www.youtube.com\/embed\/U8DEYio4NUs\u00a0\u00bb css=\u00a0\u00bb.vc_custom_1484036051001{padding-top: 20px !important;}\u00a0\u00bb][\/vc_column_inner][vc_column_inner][vc_custom_heading text=\u00a0\u00bbNos bureaux du Pecq\u00a0\u00bb font_container=\u00a0\u00bbtag:h1|text_align:center\u00a0\u00bb use_theme_fonts=\u00a0\u00bbyes\u00a0\u00bb css=\u00a0\u00bb.vc_custom_1605519581029{margin-bottom: 60px !important;}\u00a0\u00bb][vc_media_grid element_width=\u00a0\u00bb3&Prime; grid_id=\u00a0\u00bbvc_gid:1618401249721-f622d1d409ba3aef7f69eb1dabc06d91-3&Prime; include=\u00a0\u00bb1858,1859,1860,1861&Prime;][\/vc_column_inner][\/vc_row_inner][\/vc_column][\/vc_row][vc_row full_width=\u00a0\u00bbstretch_row\u00a0\u00bb parallax=\u00a0\u00bbcontent-moving\u00a0\u00bb parallax_image=\u00a0\u00bb1371&Prime; css=\u00a0\u00bb.vc_custom_1484036933244{padding-top: 61px !important;padding-bottom: 80px !important;background-color: rgba(0,0,0,0.09) !important;background-position: center;background-repeat: no-repeat;background-size:cover;*background-color:gb(0,0,0);}\u00a0\u00bb el_class=\u00a0\u00bboverlay_2&Prime;][vc_column][vc_custom_heading stripe_pos=\u00a0\u00bbhide\u00a0\u00bb text=\u00a0\u00bb<mark>Entreprendre<\/mark> en toute s\u00e9r\u00e9nit\u00e9\u00a0\u00bb font_container=\u00a0\u00bbtag:h2|font_size:39px|text_align:center|color:%23ffffff|line_height:44px\u00a0\u00bb use_theme_fonts=\u00a0\u00bbyes\u00a0\u00bb stripe_hide=\u00a0\u00bbyes\u00a0\u00bb subtitle_color=\u00a0\u00bb#ffffff\u00a0\u00bb][vc_custom_heading text=\u00a0\u00bbVOUS ETES :\u00a0\u00bb font_container=\u00a0\u00bbtag:h3|text_align:center|color:%23ffffff\u00a0\u00bb use_theme_fonts=\u00a0\u00bbyes\u00a0\u00bb css=\u00a0\u00bb.vc_custom_1484037475672{margin-bottom: 40px !important;}\u00a0\u00bb][vc_row_inner][vc_column_inner width=\u00a0\u00bb1\/3&Prime;][stm_info_box align_center=\u00a0\u00bbyes\u00a0\u00bb style=\u00a0\u00bbstyle_2&Prime; icon=\u00a0\u00bbstm-stm14-arrow\u00a0\u00bb title=\u00a0\u00bbUN PROFESSIONNEL\u00a0\u00bb link=\u00a0\u00bburl:https%3A%2F%2Fcohen-corporate-assurances.com%2Fcourtier%2Fentreprendre-toute-serenite%2F\u00a0\u00bb css=\u00a0\u00bb.vc_custom_1611140919785{margin-bottom: 0px !important;padding-top: 10px !important;padding-right: 50px !important;padding-bottom: 32px !important;padding-left: 50px !important;}\u00a0\u00bb]<\/p>\n<p class=\"font_6\"><span class=\"color_15\">artisan, commer\u00e7ant , liberal<\/span><\/p>\n<p><span style=\"font-size: 13px; line-height: 18px;\">\u00a0<\/span>[\/stm_info_box][\/vc_column_inner][vc_column_inner width=\u00a0\u00bb1\/3&Prime;][\/vc_column_inner][vc_column_inner width=\u00a0\u00bb1\/3&Prime;][stm_info_box align_center=\u00a0\u00bbyes\u00a0\u00bb style=\u00a0\u00bbstyle_2&Prime; icon=\u00a0\u00bbstm-stm14-arrow\u00a0\u00bb title=\u00a0\u00bbUNE ENTREPRISE\u00a0\u00bb link=\u00a0\u00bburl:https%3A%2F%2Fcohen-corporate-assurances.com%2Fcourtier%2Fentreprendre-toute-serenite%2F\u00a0\u00bb css=\u00a0\u00bb.vc_custom_1611140934309{margin-bottom: 0px !important;padding-top: 10px !important;padding-right: 50px !important;padding-bottom: 32px !important;padding-left: 50px !important;}\u00a0\u00bb]<\/p>\n<div id=\"comp-img3uhbvinlineContent\" class=\"s15inlineContent\" data-reactid=\".0.$SITE_ROOT.$desktop_siteRoot.$PAGES_CONTAINER.1.1.$SITE_PAGES.$c1dmp.1.$comp-iljha68p.1.$mediaiv2g0huv19\/=1$mediaiv2g0huv19.1.$comp-img3uhbv.1\">\n<div id=\"comp-iljhurwq\" class=\"s1\" data-reactid=\".0.$SITE_ROOT.$desktop_siteRoot.$PAGES_CONTAINER.1.1.$SITE_PAGES.$c1dmp.1.$comp-iljha68p.1.$mediaiv2g0huv19\/=1$mediaiv2g0huv19.1.$comp-img3uhbv.1.$comp-iljhurwq\">\n<p class=\"font_6\"><span class=\"color_15\">SA, SAS, SARL<\/span><\/p>\n<\/div>\n<\/div>\n<p><span style=\"font-size: 13px; line-height: 18px;\">\u00a0<\/span>[\/stm_info_box][\/vc_column_inner][\/vc_row_inner][\/vc_column][\/vc_row][vc_row][vc_column][vc_custom_heading stripe_pos=\u00a0\u00bbhide\u00a0\u00bb text=\u00a0\u00bbL&rsquo;Actualit\u00e9\u00a0\u00bb font_container=\u00a0\u00bbtag:h2|font_size:44%20px|text_align:center\u00a0\u00bb use_theme_fonts=\u00a0\u00bbyes\u00a0\u00bb][vc_masonry_grid post_type=\u00a0\u00bbpost\u00a0\u00bb max_items=\u00a0\u00bb3&Prime; style=\u00a0\u00bbload-more\u00a0\u00bb items_per_page=\u00a0\u00bb3&Prime; gap=\u00a0\u00bb15&Prime; orderby=\u00a0\u00bbmodified\u00a0\u00bb item=\u00a0\u00bbmasonryGrid_FadeIn\u00a0\u00bb initial_loading_animation=\u00a0\u00bbfadeIn\u00a0\u00bb btn_color=\u00a0\u00bbtheme_style_1&Prime; btn_i_icon_fontawesome=\u00a0\u00bbstm-stm14-arrow\u00a0\u00bb btn_add_icon=\u00a0\u00bbtrue\u00a0\u00bb grid_id=\u00a0\u00bbvc_gid:1618401250183-f51cfadc61469eb0f42065d1d896f40c-6&Prime;][\/vc_column][\/vc_row][vc_row full_width=\u00a0\u00bbstretch_row\u00a0\u00bb css=\u00a0\u00bb.vc_custom_1484066824079{margin-bottom: -60px !important;padding-top: 52px !important;padding-bottom: 23px !important;}\u00a0\u00bb][vc_column css=\u00a0\u00bb.vc_custom_1486743379892{padding-bottom: 28px !important;}\u00a0\u00bb][vc_custom_heading stripe_pos=\u00a0\u00bbhide\u00a0\u00bb text=\u00a0\u00bbNous Contacter\u00a0\u00bb font_container=\u00a0\u00bbtag:h2|font_size:48%20px|text_align:center\u00a0\u00bb use_theme_fonts=\u00a0\u00bbyes\u00a0\u00bb css=\u00a0\u00bb.vc_custom_1484128583575{margin-bottom: -10px !important;}\u00a0\u00bb][\/vc_column][\/vc_row][vc_row][vc_column width=\u00a0\u00bb1\/2&Prime;][vc_gmaps link=\u00a0\u00bb#E-8_JTNDaWZyYW1lJTIwc3JjJTNEJTIyaHR0cHMlM0ElMkYlMkZ3d3cuZ29vZ2xlLmNvbSUyRm1hcHMlMkZlbWJlZCUzRnBiJTNEJTIxMW0xOCUyMTFtMTIlMjExbTMlMjExZDI2MjIuNjgyNTU2MzYyOTU1NCUyMTJkMi4xMTM0NDAxMTU5MzMyODk0JTIxM2Q0OC45MDIzODY2NzkyOTE4MSUyMTJtMyUyMTFmMCUyMTJmMCUyMTNmMCUyMTNtMiUyMTFpMTAyNCUyMTJpNzY4JTIxNGYxMy4xJTIxM20zJTIxMW0yJTIxMXMweDQ3ZTY2MjYyNWNmODQxZTklMjUzQTB4ZWQwMzE4ZWEyZjcxNzE1MiUyMTJzNTQlMjUyMFJvdXRlJTI1MjBkZSUyNTIwU2FydHJvdXZpbGxlJTI1MkMlMjUyMDc4MjMwJTI1MjBMZSUyNTIwUGVjcSUyNTJDJTI1MjBGcmFuY2UlMjE1ZTAlMjEzbTIlMjExc2ZyJTIxMnN1cyUyMTR2MTU4MjY0MDg2NDc3OCUyMTVtMiUyMTFzZnIlMjEyc3VzJTIyJTIwd2lkdGglM0QlMjI2MDAlMjIlMjBoZWlnaHQlM0QlMjI0NTAlMjIlMjBmcmFtZWJvcmRlciUzRCUyMjAlMjIlMjBzdHlsZSUzRCUyMmJvcmRlciUzQTAlMjIlMjBhbGxvd2Z1bGxzY3JlZW4lM0UlM0MlMkZpZnJhbWUlM0U=\u00a0\u00bb css_animation=\u00a0\u00bbfadeIn\u00a0\u00bb][stm_contacts_widget title=\u00a0\u00bbGROUPE Cohen Corporate Assurances\u00a0\u00bb address=\u00a0\u00bbImmeuble Le Montr\u00e9al<br \/>\n54 Route de Sartrouville<br \/>\n78230 LE PECQ\u00a0\u00bb css=\u00a0\u00bb.vc_custom_1617983591797{padding-top: 8px !important;padding-right: 8px !important;padding-bottom: 2px !important;padding-left: 8px !important;background-color: #090821 !important;}\u00a0\u00bb phone=\u00a0\u00bb01.45.53.85.70&Prime; email=\u00a0\u00bbconseiller@cohen-corporate-assurances.com\u00a0\u00bb][\/vc_column][vc_column width=\u00a0\u00bb1\/2&Prime;]<div role=\"form\" class=\"wpcf7\" id=\"wpcf7-f1045-o1\" lang=\"fr-FR\" dir=\"ltr\">\n<div class=\"screen-reader-response\"><p role=\"status\" aria-live=\"polite\" aria-atomic=\"true\"><\/p> <ul><\/ul><\/div>\n<form action=\"\/courtier\/wp-json\/wp\/v2\/pages\/1080#wpcf7-f1045-o1\" method=\"post\" class=\"wpcf7-form init\" novalidate=\"novalidate\" data-status=\"init\">\n<div style=\"display: none;\">\n<input type=\"hidden\" name=\"_wpcf7\" value=\"1045\" \/>\n<input type=\"hidden\" name=\"_wpcf7_version\" value=\"5.4.2\" \/>\n<input type=\"hidden\" name=\"_wpcf7_locale\" value=\"fr_FR\" \/>\n<input type=\"hidden\" name=\"_wpcf7_unit_tag\" value=\"wpcf7-f1045-o1\" \/>\n<input type=\"hidden\" name=\"_wpcf7_container_post\" value=\"0\" \/>\n<input type=\"hidden\" name=\"_wpcf7_posted_data_hash\" value=\"\" \/>\n<input type=\"hidden\" name=\"_wpcf7_recaptcha_response\" value=\"\" \/>\n<\/div>\n<p><label> Nom (obligatoire)<br \/>\n    <span class=\"wpcf7-form-control-wrap your-name\"><input type=\"text\" name=\"your-name\" value=\"\" size=\"40\" class=\"wpcf7-form-control wpcf7-text wpcf7-validates-as-required\" aria-required=\"true\" aria-invalid=\"false\" \/><\/span> <\/label><\/p>\n<p><label> Email (obligatoire)<br \/>\n    <span class=\"wpcf7-form-control-wrap your-email\"><input type=\"email\" name=\"your-email\" value=\"\" size=\"40\" class=\"wpcf7-form-control wpcf7-text wpcf7-email wpcf7-validates-as-required wpcf7-validates-as-email\" aria-required=\"true\" aria-invalid=\"false\" \/><\/span> <\/label><\/p>\n<p><label> T\u00e9l\u00e9phone<br \/>\n    <span class=\"wpcf7-form-control-wrap tel-812\"><input type=\"tel\" name=\"tel-812\" value=\"\" size=\"40\" class=\"wpcf7-form-control wpcf7-text wpcf7-tel wpcf7-validates-as-tel\" aria-invalid=\"false\" \/><\/span> <\/label><\/p>\n<p><label> Votre Message<br \/>\n    <span class=\"wpcf7-form-control-wrap your-message\"><textarea name=\"your-message\" cols=\"40\" rows=\"10\" class=\"wpcf7-form-control wpcf7-textarea\" aria-invalid=\"false\"><\/textarea><\/span> <\/label><\/p>\n\n<p><label> <\/label><\/p>\n<p><input type=\"submit\" value=\"Envoyer\" class=\"wpcf7-form-control wpcf7-submit\" \/><\/p>\n<div class=\"wpcf7-response-output\" aria-hidden=\"true\"><\/div><\/form><\/div>[\/vc_column][\/vc_row][vc_row content_placement=\u00a0\u00bbbottom\u00a0\u00bb css=\u00a0\u00bb.vc_custom_1487088958742{margin-bottom: -28px !important;padding-top: 33px !important;}\u00a0\u00bb][vc_column][vc_custom_heading text=\u00a0\u00bbIls nous font d\u00e9j\u00e0 <mark>confiance<\/mark>\u00a0\u00bb font_container=\u00a0\u00bbtag:h3|font_size:28px|text_align:center|line_height:33px\u00a0\u00bb use_theme_fonts=\u00a0\u00bbyes\u00a0\u00bb][stm_image_carousel grayscale=\u00a0\u00bbyes\u00a0\u00bb h_centered=\u00a0\u00bbyes\u00a0\u00bb img_size=\u00a0\u00bb288&#215;170&Prime; autoplay=\u00a0\u00bbyes\u00a0\u00bb loop=\u00a0\u00bbyes\u00a0\u00bb items=\u00a0\u00bb4&Prime; items_small_desktop=\u00a0\u00bb4&Prime; items_tablet=\u00a0\u00bb2&Prime; images=\u00a0\u00bb1655,1656,1691,1657&Prime; css=\u00a0\u00bb.vc_custom_1487089067050{padding-right: 20px !important;padding-left: 20px !important;}\u00a0\u00bb][\/vc_column][\/vc_row]<\/p>\n","protected":false},"excerpt":{"rendered":"<p>[vc_row full_width=\u00a0\u00bbstretch_row_content_no_spaces\u00a0\u00bb content_placement=\u00a0\u00bbmiddle\u00a0\u00bb css=\u00a0\u00bb.vc_custom_1605525086511{margin-bottom: 56px !important;}\u00a0\u00bb][vc_column offset=\u00a0\u00bbvc_hidden-xs\u00a0\u00bb][\/vc_column][\/vc_row][vc_row full_width=\u00a0\u00bbstretch_row_content\u00a0\u00bb css=\u00a0\u00bb.vc_custom_1484126951405{margin-bottom: 58px !important;}\u00a0\u00bb][vc_column][vc_custom_heading text=\u00a0\u00bbGROUPE COHEN CORPORATE\u00a0\u00bb font_container=\u00a0\u00bbtag:h1|text_align:center\u00a0\u00bb use_theme_fonts=\u00a0\u00bbyes\u00a0\u00bb css=\u00a0\u00bb.vc_custom_1484560113759{margin-bottom: 60px !important;}\u00a0\u00bb][vc_column_text] Votre conseiller pour la gestion de vos contrats d&rsquo;assurances et votre soutien en cas de coup dur. Gr\u00e2ce \u00e0 notre cabinet, vous b\u00e9n\u00e9ficiez d&rsquo;un diagnostic pr\u00e9cis de votre situation et de vos besoins, et ce quels<\/p>\n","protected":false},"author":4,"featured_media":0,"parent":0,"menu_order":0,"comment_status":"closed","ping_status":"closed","template":"","meta":{"_monsterinsights_skip_tracking":false,"_monsterinsights_sitenote_active":false,"_monsterinsights_sitenote_note":"","_monsterinsights_sitenote_category":0,"spay_email":""},"yoast_head":"<!-- This site is optimized with the Yoast SEO plugin v17.5 - https:\/\/yoast.com\/wordpress\/plugins\/seo\/ -->\n<title>Cohen Corporate Assurances - L&#039;expert de la protection d&#039;entreprise<\/title>\n<meta name=\"description\" content=\"Notre expert Yves Cohen met au service de votre entreprise, son expertise pour vous accompagner sereinement dans votre quotidien d&#039;entrepreneur.\" \/>\n<meta name=\"robots\" content=\"index, follow, max-snippet:-1, max-image-preview:large, max-video-preview:-1\" \/>\n<link rel=\"canonical\" href=\"https:\/\/form.cohen-corporate-assurances.com\/courtier\/\" \/>\n<meta property=\"og:locale\" content=\"fr_FR\" \/>\n<meta property=\"og:type\" content=\"article\" \/>\n<meta property=\"og:title\" content=\"Cohen Corporate Assurances - L&#039;expert de la protection d&#039;entreprise\" \/>\n<meta property=\"og:description\" content=\"Notre expert Yves Cohen met au service de votre entreprise, son expertise pour vous accompagner sereinement dans votre quotidien d&#039;entrepreneur.\" \/>\n<meta property=\"og:url\" content=\"https:\/\/form.cohen-corporate-assurances.com\/courtier\/\" \/>\n<meta property=\"og:site_name\" content=\"Cohen Corporates Assurances\" \/>\n<meta property=\"article:publisher\" content=\"https:\/\/www.facebook.com\/Cohen-Corporate-Conseil-1506485289644638\" \/>\n<meta property=\"article:modified_time\" content=\"2021-04-14T11:54:27+00:00\" \/>\n<meta property=\"og:image\" content=\"http:\/\/cohen-corporate-assurances.com\/courtier\/logo04.jpg\" \/>\n<meta name=\"twitter:label1\" content=\"Dur\u00e9e de lecture est.\" \/>\n\t<meta name=\"twitter:data1\" content=\"4 minutes\" \/>\n<script type=\"application\/ld+json\" class=\"yoast-schema-graph\">{\"@context\":\"https:\/\/schema.org\",\"@graph\":[{\"@type\":\"Organization\",\"@id\":\"https:\/\/form.cohen-corporate-assurances.com\/courtier\/#organization\",\"name\":\"Cohen corporates Assurances\",\"url\":\"https:\/\/form.cohen-corporate-assurances.com\/courtier\/\",\"sameAs\":[\"https:\/\/www.facebook.com\/Cohen-Corporate-Conseil-1506485289644638\",\"https:\/\/www.linkedin.com\/profile\/view?id=326448466\",\"https:\/\/twitter.com\/Cohenyves2\"],\"logo\":{\"@type\":\"ImageObject\",\"@id\":\"https:\/\/form.cohen-corporate-assurances.com\/courtier\/#logo\",\"inLanguage\":\"fr-FR\",\"url\":\"https:\/\/cohen-corporate-assurances.com\/courtier\/wp-content\/uploads\/2017\/02\/logo2017.jpg\",\"contentUrl\":\"https:\/\/cohen-corporate-assurances.com\/courtier\/wp-content\/uploads\/2017\/02\/logo2017.jpg\",\"width\":550,\"height\":181,\"caption\":\"Cohen corporates Assurances\"},\"image\":{\"@id\":\"https:\/\/form.cohen-corporate-assurances.com\/courtier\/#logo\"}},{\"@type\":\"WebSite\",\"@id\":\"https:\/\/form.cohen-corporate-assurances.com\/courtier\/#website\",\"url\":\"https:\/\/form.cohen-corporate-assurances.com\/courtier\/\",\"name\":\"Cohen Corporates Assurances\",\"description\":\"Courtier en Assurance\",\"publisher\":{\"@id\":\"https:\/\/form.cohen-corporate-assurances.com\/courtier\/#organization\"},\"potentialAction\":[{\"@type\":\"SearchAction\",\"target\":{\"@type\":\"EntryPoint\",\"urlTemplate\":\"https:\/\/form.cohen-corporate-assurances.com\/courtier\/?s={search_term_string}\"},\"query-input\":\"required name=search_term_string\"}],\"inLanguage\":\"fr-FR\"},{\"@type\":\"WebPage\",\"@id\":\"https:\/\/form.cohen-corporate-assurances.com\/courtier\/#webpage\",\"url\":\"https:\/\/form.cohen-corporate-assurances.com\/courtier\/\",\"name\":\"Cohen Corporate Assurances - L'expert de la protection d'entreprise\",\"isPartOf\":{\"@id\":\"https:\/\/form.cohen-corporate-assurances.com\/courtier\/#website\"},\"datePublished\":\"2017-01-14T06:14:55+00:00\",\"dateModified\":\"2021-04-14T11:54:27+00:00\",\"description\":\"Notre expert Yves Cohen met au service de votre entreprise, son expertise pour vous accompagner sereinement dans votre quotidien d'entrepreneur.\",\"breadcrumb\":{\"@id\":\"https:\/\/form.cohen-corporate-assurances.com\/courtier\/#breadcrumb\"},\"inLanguage\":\"fr-FR\",\"potentialAction\":[{\"@type\":\"ReadAction\",\"target\":[\"https:\/\/form.cohen-corporate-assurances.com\/courtier\/\"]}]},{\"@type\":\"BreadcrumbList\",\"@id\":\"https:\/\/form.cohen-corporate-assurances.com\/courtier\/#breadcrumb\",\"itemListElement\":[{\"@type\":\"ListItem\",\"position\":1,\"name\":\"Accueil\",\"item\":\"https:\/\/form.cohen-corporate-assurances.com\/courtier\/\"},{\"@type\":\"ListItem\",\"position\":2,\"name\":\"home\"}]}]}<\/script>\n<!-- \/ Yoast SEO plugin. -->","yoast_head_json":{"title":"Cohen Corporate Assurances - L'expert de la protection d'entreprise","description":"Notre expert Yves Cohen met au service de votre entreprise, son expertise pour vous accompagner sereinement dans votre quotidien d'entrepreneur.","robots":{"index":"index","follow":"follow","max-snippet":"max-snippet:-1","max-image-preview":"max-image-preview:large","max-video-preview":"max-video-preview:-1"},"canonical":"https:\/\/form.cohen-corporate-assurances.com\/courtier\/","og_locale":"fr_FR","og_type":"article","og_title":"Cohen Corporate Assurances - L'expert de la protection d'entreprise","og_description":"Notre expert Yves Cohen met au service de votre entreprise, son expertise pour vous accompagner sereinement dans votre quotidien d'entrepreneur.","og_url":"https:\/\/form.cohen-corporate-assurances.com\/courtier\/","og_site_name":"Cohen Corporates Assurances","article_publisher":"https:\/\/www.facebook.com\/Cohen-Corporate-Conseil-1506485289644638","article_modified_time":"2021-04-14T11:54:27+00:00","og_image":[{"url":"http:\/\/cohen-corporate-assurances.com\/courtier\/logo04.jpg"}],"twitter_misc":{"Dur\u00e9e de lecture est.":"4 minutes"},"schema":{"@context":"https:\/\/schema.org","@graph":[{"@type":"Organization","@id":"https:\/\/form.cohen-corporate-assurances.com\/courtier\/#organization","name":"Cohen corporates Assurances","url":"https:\/\/form.cohen-corporate-assurances.com\/courtier\/","sameAs":["https:\/\/www.facebook.com\/Cohen-Corporate-Conseil-1506485289644638","https:\/\/www.linkedin.com\/profile\/view?id=326448466","https:\/\/twitter.com\/Cohenyves2"],"logo":{"@type":"ImageObject","@id":"https:\/\/form.cohen-corporate-assurances.com\/courtier\/#logo","inLanguage":"fr-FR","url":"https:\/\/cohen-corporate-assurances.com\/courtier\/wp-content\/uploads\/2017\/02\/logo2017.jpg","contentUrl":"https:\/\/cohen-corporate-assurances.com\/courtier\/wp-content\/uploads\/2017\/02\/logo2017.jpg","width":550,"height":181,"caption":"Cohen corporates Assurances"},"image":{"@id":"https:\/\/form.cohen-corporate-assurances.com\/courtier\/#logo"}},{"@type":"WebSite","@id":"https:\/\/form.cohen-corporate-assurances.com\/courtier\/#website","url":"https:\/\/form.cohen-corporate-assurances.com\/courtier\/","name":"Cohen Corporates Assurances","description":"Courtier en Assurance","publisher":{"@id":"https:\/\/form.cohen-corporate-assurances.com\/courtier\/#organization"},"potentialAction":[{"@type":"SearchAction","target":{"@type":"EntryPoint","urlTemplate":"https:\/\/form.cohen-corporate-assurances.com\/courtier\/?s={search_term_string}"},"query-input":"required name=search_term_string"}],"inLanguage":"fr-FR"},{"@type":"WebPage","@id":"https:\/\/form.cohen-corporate-assurances.com\/courtier\/#webpage","url":"https:\/\/form.cohen-corporate-assurances.com\/courtier\/","name":"Cohen Corporate Assurances - L'expert de la protection d'entreprise","isPartOf":{"@id":"https:\/\/form.cohen-corporate-assurances.com\/courtier\/#website"},"datePublished":"2017-01-14T06:14:55+00:00","dateModified":"2021-04-14T11:54:27+00:00","description":"Notre expert Yves Cohen met au service de votre entreprise, son expertise pour vous accompagner sereinement dans votre quotidien d'entrepreneur.","breadcrumb":{"@id":"https:\/\/form.cohen-corporate-assurances.com\/courtier\/#breadcrumb"},"inLanguage":"fr-FR","potentialAction":[{"@type":"ReadAction","target":["https:\/\/form.cohen-corporate-assurances.com\/courtier\/"]}]},{"@type":"BreadcrumbList","@id":"https:\/\/form.cohen-corporate-assurances.com\/courtier\/#breadcrumb","itemListElement":[{"@type":"ListItem","position":1,"name":"Accueil","item":"https:\/\/form.cohen-corporate-assurances.com\/courtier\/"},{"@type":"ListItem","position":2,"name":"home"}]}]}},"jetpack_shortlink":"https:\/\/wp.me\/P8pwsQ-hq","_links":{"self":[{"href":"https:\/\/form.cohen-corporate-assurances.com\/courtier\/wp-json\/wp\/v2\/pages\/1080"}],"collection":[{"href":"https:\/\/form.cohen-corporate-assurances.com\/courtier\/wp-json\/wp\/v2\/pages"}],"about":[{"href":"https:\/\/form.cohen-corporate-assurances.com\/courtier\/wp-json\/wp\/v2\/types\/page"}],"author":[{"embeddable":true,"href":"https:\/\/form.cohen-corporate-assurances.com\/courtier\/wp-json\/wp\/v2\/users\/4"}],"replies":[{"embeddable":true,"href":"https:\/\/form.cohen-corporate-assurances.com\/courtier\/wp-json\/wp\/v2\/comments?post=1080"}],"version-history":[{"count":156,"href":"https:\/\/form.cohen-corporate-assurances.com\/courtier\/wp-json\/wp\/v2\/pages\/1080\/revisions"}],"predecessor-version":[{"id":1936,"href":"https:\/\/form.cohen-corporate-assurances.com\/courtier\/wp-json\/wp\/v2\/pages\/1080\/revisions\/1936"}],"wp:attachment":[{"href":"https:\/\/form.cohen-corporate-assurances.com\/courtier\/wp-json\/wp\/v2\/media?parent=1080"}],"curies":[{"name":"wp","href":"https:\/\/api.w.org\/{rel}","templated":true}]}}