{"id":30,"date":"2014-08-06T14:14:30","date_gmt":"2014-08-06T14:14:30","guid":{"rendered":"http:\/\/cohen-corporate-assurances.com\/courtier\/?page_id=30"},"modified":"2021-10-29T13:32:05","modified_gmt":"2021-10-29T11:32:05","slug":"assurance-emprunteur-3","status":"publish","type":"page","link":"https:\/\/form.cohen-corporate-assurances.com\/courtier\/assurance-emprunteur-3\/","title":{"rendered":"Documents"},"content":{"rendered":"<p>ASSURANCE EMPRUNTEUR<\/p>\n<p><a href=\"http:\/\/form.cohen-corporate-assurances.com\/souscription.pdf\" target=\"_blank\" rel=\"noopener\">Demande de souscription Emprunteur<\/a> (format pdf avec champs de saisie)<\/p>\n<p><a href=\"http:\/\/form.cohen-corporate-assurances.com\/sante.pdf\" target=\"_blank\" rel=\"noopener\">Questionnaire de sant\u00e9 Emprunteur<\/a> (format pdf avec champs de saisie)<\/p>\n<p><a href=\"http:\/\/form.cohen-corporate-assurances.com\/prelevement.pdf\" target=\"_blank\" rel=\"noopener\">Mandat de pr\u00e9l\u00e8vement Emprunteur<\/a> (format pdf avec champs de saisie)<\/p>\n<p>&#8211;<\/p>\n<p><a href=\"http:\/\/form.cohen-corporate-assurances.com\/bulletinadhesion02.pdf\" target=\"_blank\" rel=\"noopener\">Bulletin d&rsquo;Adh\u00e9sion Elliance<\/a> (format pdf avec champs de saisie)<\/p>\n<p>&#8211;<\/p>\n<p><a href=\"http:\/\/form.cohen-corporate-assurances.com\/empruntergenerali.pdf\" target=\"_blank\" rel=\"noopener\">Demande d&rsquo;adh\u00e9sion Generali<\/a> (format pdf avec champs de saisie)<\/p>\n<p><a href=\"http:\/\/form.cohen-corporate-assurances.com\/questsante_generali.pdf\" target=\"_blank\" rel=\"noopener\">Questionnaire de sant\u00e9 Generali<\/a> (format pdf avec champs de saisie)<\/p>\n<p><a href=\"http:\/\/form.cohen-corporate-assurances.com\/mandat_generali.pdf\" target=\"_blank\" rel=\"noopener\">Mandat de pr\u00e9l\u00e8vement Generali<\/a> (format pdf avec champs de saisie)<\/p>\n<p>&#8211;<\/p>\n<p><a href=\"http:\/\/form.cohen-corporate-assurances.com\/lagarde.pdf\" target=\"_blank\" rel=\"noopener\">Fiche d&rsquo;information Lagarde<\/a> (format pdf avec champs de saisie)<\/p>\n","protected":false},"excerpt":{"rendered":"<p>ASSURANCE EMPRUNTEUR Demande de souscription Emprunteur (format pdf avec champs de saisie) Questionnaire de sant\u00e9 Emprunteur (format pdf avec champs de saisie) Mandat de pr\u00e9l\u00e8vement Emprunteur (format pdf avec champs de saisie) &#8211; Bulletin d&rsquo;Adh\u00e9sion Elliance (format pdf avec champs de saisie) &#8211; Demande d&rsquo;adh\u00e9sion Generali (format pdf avec champs de saisie) Questionnaire de sant\u00e9<\/p>\n","protected":false},"author":4,"featured_media":0,"parent":0,"menu_order":0,"comment_status":"closed","ping_status":"open","template":"","meta":{"_monsterinsights_skip_tracking":false,"_monsterinsights_sitenote_active":false,"_monsterinsights_sitenote_note":"","_monsterinsights_sitenote_category":0,"spay_email":""},"yoast_head":"<!-- This site is optimized with the Yoast SEO plugin v17.5 - https:\/\/yoast.com\/wordpress\/plugins\/seo\/ -->\n<title>Documents - Cohen Corporates Assurances<\/title>\n<meta name=\"description\" content=\"ASSURANCE EMPRUNTEUR, fiche Lagarde,bulletin d\u2019adh\u00e9sion, souscription, questionnaire sant\u00e9 emprunteur.\" \/>\n<meta name=\"robots\" content=\"index, follow, max-snippet:-1, max-image-preview:large, max-video-preview:-1\" \/>\n<link rel=\"canonical\" href=\"https:\/\/form.cohen-corporate-assurances.com\/courtier\/assurance-emprunteur-3\/\" \/>\n<meta property=\"og:locale\" content=\"fr_FR\" \/>\n<meta property=\"og:type\" content=\"article\" \/>\n<meta property=\"og:title\" content=\"Documents - Cohen Corporates Assurances\" \/>\n<meta property=\"og:description\" content=\"ASSURANCE EMPRUNTEUR, fiche Lagarde,bulletin d\u2019adh\u00e9sion, souscription, questionnaire sant\u00e9 emprunteur.\" \/>\n<meta property=\"og:url\" content=\"https:\/\/form.cohen-corporate-assurances.com\/courtier\/assurance-emprunteur-3\/\" \/>\n<meta property=\"og:site_name\" content=\"Cohen Corporates Assurances\" \/>\n<meta property=\"article:publisher\" content=\"https:\/\/www.facebook.com\/Cohen-Corporate-Conseil-1506485289644638\" \/>\n<meta property=\"article:modified_time\" content=\"2021-10-29T11:32:05+00:00\" \/>\n<meta property=\"og:image\" content=\"http:\/\/cohen-corporate-assurances.com\/courtier\/logo04.jpg\" \/>\n<meta name=\"twitter:label1\" content=\"Dur\u00e9e de lecture est.\" \/>\n\t<meta name=\"twitter:data1\" content=\"1 minute\" \/>\n<script type=\"application\/ld+json\" class=\"yoast-schema-graph\">{\"@context\":\"https:\/\/schema.org\",\"@graph\":[{\"@type\":\"Organization\",\"@id\":\"https:\/\/form.cohen-corporate-assurances.com\/courtier\/#organization\",\"name\":\"Cohen corporates Assurances\",\"url\":\"https:\/\/form.cohen-corporate-assurances.com\/courtier\/\",\"sameAs\":[\"https:\/\/www.facebook.com\/Cohen-Corporate-Conseil-1506485289644638\",\"https:\/\/www.linkedin.com\/profile\/view?id=326448466\",\"https:\/\/twitter.com\/Cohenyves2\"],\"logo\":{\"@type\":\"ImageObject\",\"@id\":\"https:\/\/form.cohen-corporate-assurances.com\/courtier\/#logo\",\"inLanguage\":\"fr-FR\",\"url\":\"https:\/\/cohen-corporate-assurances.com\/courtier\/wp-content\/uploads\/2017\/02\/logo2017.jpg\",\"contentUrl\":\"https:\/\/cohen-corporate-assurances.com\/courtier\/wp-content\/uploads\/2017\/02\/logo2017.jpg\",\"width\":550,\"height\":181,\"caption\":\"Cohen corporates Assurances\"},\"image\":{\"@id\":\"https:\/\/form.cohen-corporate-assurances.com\/courtier\/#logo\"}},{\"@type\":\"WebSite\",\"@id\":\"https:\/\/form.cohen-corporate-assurances.com\/courtier\/#website\",\"url\":\"https:\/\/form.cohen-corporate-assurances.com\/courtier\/\",\"name\":\"Cohen Corporates Assurances\",\"description\":\"Courtier en Assurance\",\"publisher\":{\"@id\":\"https:\/\/form.cohen-corporate-assurances.com\/courtier\/#organization\"},\"potentialAction\":[{\"@type\":\"SearchAction\",\"target\":{\"@type\":\"EntryPoint\",\"urlTemplate\":\"https:\/\/form.cohen-corporate-assurances.com\/courtier\/?s={search_term_string}\"},\"query-input\":\"required name=search_term_string\"}],\"inLanguage\":\"fr-FR\"},{\"@type\":\"WebPage\",\"@id\":\"https:\/\/form.cohen-corporate-assurances.com\/courtier\/assurance-emprunteur-3\/#webpage\",\"url\":\"https:\/\/form.cohen-corporate-assurances.com\/courtier\/assurance-emprunteur-3\/\",\"name\":\"Documents - Cohen Corporates Assurances\",\"isPartOf\":{\"@id\":\"https:\/\/form.cohen-corporate-assurances.com\/courtier\/#website\"},\"datePublished\":\"2014-08-06T14:14:30+00:00\",\"dateModified\":\"2021-10-29T11:32:05+00:00\",\"description\":\"ASSURANCE EMPRUNTEUR, fiche Lagarde,bulletin d\\u2019adh\\u00e9sion, souscription, questionnaire sant\\u00e9 emprunteur.\",\"breadcrumb\":{\"@id\":\"https:\/\/form.cohen-corporate-assurances.com\/courtier\/assurance-emprunteur-3\/#breadcrumb\"},\"inLanguage\":\"fr-FR\",\"potentialAction\":[{\"@type\":\"ReadAction\",\"target\":[\"https:\/\/form.cohen-corporate-assurances.com\/courtier\/assurance-emprunteur-3\/\"]}]},{\"@type\":\"BreadcrumbList\",\"@id\":\"https:\/\/form.cohen-corporate-assurances.com\/courtier\/assurance-emprunteur-3\/#breadcrumb\",\"itemListElement\":[{\"@type\":\"ListItem\",\"position\":1,\"name\":\"Accueil\",\"item\":\"https:\/\/form.cohen-corporate-assurances.com\/courtier\/\"},{\"@type\":\"ListItem\",\"position\":2,\"name\":\"Documents\"}]}]}<\/script>\n<!-- \/ Yoast SEO plugin. -->","yoast_head_json":{"title":"Documents - Cohen Corporates Assurances","description":"ASSURANCE EMPRUNTEUR, fiche Lagarde,bulletin d\u2019adh\u00e9sion, souscription, questionnaire sant\u00e9 emprunteur.","robots":{"index":"index","follow":"follow","max-snippet":"max-snippet:-1","max-image-preview":"max-image-preview:large","max-video-preview":"max-video-preview:-1"},"canonical":"https:\/\/form.cohen-corporate-assurances.com\/courtier\/assurance-emprunteur-3\/","og_locale":"fr_FR","og_type":"article","og_title":"Documents - Cohen Corporates Assurances","og_description":"ASSURANCE EMPRUNTEUR, fiche Lagarde,bulletin d\u2019adh\u00e9sion, souscription, questionnaire sant\u00e9 emprunteur.","og_url":"https:\/\/form.cohen-corporate-assurances.com\/courtier\/assurance-emprunteur-3\/","og_site_name":"Cohen Corporates Assurances","article_publisher":"https:\/\/www.facebook.com\/Cohen-Corporate-Conseil-1506485289644638","article_modified_time":"2021-10-29T11:32:05+00:00","og_image":[{"url":"http:\/\/cohen-corporate-assurances.com\/courtier\/logo04.jpg"}],"twitter_misc":{"Dur\u00e9e de lecture est.":"1 minute"},"schema":{"@context":"https:\/\/schema.org","@graph":[{"@type":"Organization","@id":"https:\/\/form.cohen-corporate-assurances.com\/courtier\/#organization","name":"Cohen corporates Assurances","url":"https:\/\/form.cohen-corporate-assurances.com\/courtier\/","sameAs":["https:\/\/www.facebook.com\/Cohen-Corporate-Conseil-1506485289644638","https:\/\/www.linkedin.com\/profile\/view?id=326448466","https:\/\/twitter.com\/Cohenyves2"],"logo":{"@type":"ImageObject","@id":"https:\/\/form.cohen-corporate-assurances.com\/courtier\/#logo","inLanguage":"fr-FR","url":"https:\/\/cohen-corporate-assurances.com\/courtier\/wp-content\/uploads\/2017\/02\/logo2017.jpg","contentUrl":"https:\/\/cohen-corporate-assurances.com\/courtier\/wp-content\/uploads\/2017\/02\/logo2017.jpg","width":550,"height":181,"caption":"Cohen corporates Assurances"},"image":{"@id":"https:\/\/form.cohen-corporate-assurances.com\/courtier\/#logo"}},{"@type":"WebSite","@id":"https:\/\/form.cohen-corporate-assurances.com\/courtier\/#website","url":"https:\/\/form.cohen-corporate-assurances.com\/courtier\/","name":"Cohen Corporates Assurances","description":"Courtier en Assurance","publisher":{"@id":"https:\/\/form.cohen-corporate-assurances.com\/courtier\/#organization"},"potentialAction":[{"@type":"SearchAction","target":{"@type":"EntryPoint","urlTemplate":"https:\/\/form.cohen-corporate-assurances.com\/courtier\/?s={search_term_string}"},"query-input":"required name=search_term_string"}],"inLanguage":"fr-FR"},{"@type":"WebPage","@id":"https:\/\/form.cohen-corporate-assurances.com\/courtier\/assurance-emprunteur-3\/#webpage","url":"https:\/\/form.cohen-corporate-assurances.com\/courtier\/assurance-emprunteur-3\/","name":"Documents - Cohen Corporates Assurances","isPartOf":{"@id":"https:\/\/form.cohen-corporate-assurances.com\/courtier\/#website"},"datePublished":"2014-08-06T14:14:30+00:00","dateModified":"2021-10-29T11:32:05+00:00","description":"ASSURANCE EMPRUNTEUR, fiche Lagarde,bulletin d\u2019adh\u00e9sion, souscription, questionnaire sant\u00e9 emprunteur.","breadcrumb":{"@id":"https:\/\/form.cohen-corporate-assurances.com\/courtier\/assurance-emprunteur-3\/#breadcrumb"},"inLanguage":"fr-FR","potentialAction":[{"@type":"ReadAction","target":["https:\/\/form.cohen-corporate-assurances.com\/courtier\/assurance-emprunteur-3\/"]}]},{"@type":"BreadcrumbList","@id":"https:\/\/form.cohen-corporate-assurances.com\/courtier\/assurance-emprunteur-3\/#breadcrumb","itemListElement":[{"@type":"ListItem","position":1,"name":"Accueil","item":"https:\/\/form.cohen-corporate-assurances.com\/courtier\/"},{"@type":"ListItem","position":2,"name":"Documents"}]}]}},"jetpack_shortlink":"https:\/\/wp.me\/P8pwsQ-u","_links":{"self":[{"href":"https:\/\/form.cohen-corporate-assurances.com\/courtier\/wp-json\/wp\/v2\/pages\/30"}],"collection":[{"href":"https:\/\/form.cohen-corporate-assurances.com\/courtier\/wp-json\/wp\/v2\/pages"}],"about":[{"href":"https:\/\/form.cohen-corporate-assurances.com\/courtier\/wp-json\/wp\/v2\/types\/page"}],"author":[{"embeddable":true,"href":"https:\/\/form.cohen-corporate-assurances.com\/courtier\/wp-json\/wp\/v2\/users\/4"}],"replies":[{"embeddable":true,"href":"https:\/\/form.cohen-corporate-assurances.com\/courtier\/wp-json\/wp\/v2\/comments?post=30"}],"version-history":[{"count":14,"href":"https:\/\/form.cohen-corporate-assurances.com\/courtier\/wp-json\/wp\/v2\/pages\/30\/revisions"}],"predecessor-version":[{"id":2021,"href":"https:\/\/form.cohen-corporate-assurances.com\/courtier\/wp-json\/wp\/v2\/pages\/30\/revisions\/2021"}],"wp:attachment":[{"href":"https:\/\/form.cohen-corporate-assurances.com\/courtier\/wp-json\/wp\/v2\/media?parent=30"}],"curies":[{"name":"wp","href":"https:\/\/api.w.org\/{rel}","templated":true}]}}