{"id":596,"date":"2017-01-24T15:44:44","date_gmt":"2017-01-24T14:44:44","guid":{"rendered":"http:\/\/cohen-corporate-assurances.com\/courtier\/?page_id=596"},"modified":"2017-02-14T14:16:36","modified_gmt":"2017-02-14T13:16:36","slug":"placement","status":"publish","type":"page","link":"https:\/\/form.cohen-corporate-assurances.com\/courtier\/placement\/","title":{"rendered":"Placement"},"content":{"rendered":"<p>Nous vous proposons diff\u00e9rents placements immobilier et financier pour la constitution de votre\u00a0 patrimoine.<\/p>\n<ul>\n<li>L&rsquo;investissement immobilier en SCPI<strong>\u00a0 <\/strong>(Soci\u00e9t\u00e9 civile de placement immobilier) visant \u00e0 collecter de l&rsquo;argent dans le public et le<strong> redistribuer au moyen de loyers et\/ou d&rsquo;avantages fiscaux<\/strong> \u00e0 ses porteurs de parts, les \u00ab\u00a0associ\u00e9s\u00a0\u00bb.<\/li>\n<\/ul>\n<p>&nbsp;<\/p>\n<ul>\n<li>L&rsquo;investissement financier\u00a0 en OPCVM (organisme de placement commun \u00e0 valeur mobili\u00e8res) par exemple un portefeuille d&rsquo;actions et d&rsquo;obligations plac\u00e9 dans l&rsquo;innovation (FCPI) &#8230;<\/li>\n<\/ul>\n<p>&nbsp;<\/p>\n<p>Notre objectif est pr\u00e9parer votre avenir et celui de votre famille.\u00a0 Nous mettons \u00e0 votre profit\u00a0 notre expertise des produits de placements performants, nous vous conseillons en fonction de vos projets personnels et de votre patrimoine que vous poss\u00e9dez ou que vous souhaitez poss\u00e9der.<\/p>\n<p>&nbsp;<\/p>\n<p>&nbsp;<\/p>\n<p>&nbsp;<\/p>\n<p>&nbsp;<\/p>\n<p>&nbsp;<\/p>\n<p><a href=\"http:\/\/cohen-corporate-assurances.com\/courtier\/wp-content\/uploads\/2015\/12\/Image1.png\" rel=\"attachment wp-att-422\"><img loading=\"lazy\" class=\"aligncenter size-full wp-image-422\" src=\"http:\/\/cohen-corporate-assurances.com\/courtier\/wp-content\/uploads\/2015\/12\/Image1.png\" alt=\"Image1\" width=\"331\" height=\"238\" srcset=\"https:\/\/form.cohen-corporate-assurances.com\/courtier\/wp-content\/uploads\/2015\/12\/Image1.png 331w, https:\/\/form.cohen-corporate-assurances.com\/courtier\/wp-content\/uploads\/2015\/12\/Image1-300x216.png 300w, https:\/\/form.cohen-corporate-assurances.com\/courtier\/wp-content\/uploads\/2015\/12\/Image1-250x180.png 250w\" sizes=\"(max-width: 331px) 100vw, 331px\" \/><\/a><\/p>\n<p align=\"center\"><iframe loading=\"lazy\" src=\"https:\/\/www.youtube.com\/embed\/WNAczAqkBVA?rel=0\" width=\"560\" height=\"315\" frameborder=\"0\" allowfullscreen=\"allowfullscreen\"><\/iframe><\/p>\n<p>Contactez nous vite pour toutes informations compl\u00e9mentaires ou demande de devis.<\/p>\n","protected":false},"excerpt":{"rendered":"<p>Nous vous proposons diff\u00e9rents placements immobilier et financier pour la constitution de votre\u00a0 patrimoine. L&rsquo;investissement immobilier en SCPI\u00a0 (Soci\u00e9t\u00e9 civile de placement immobilier) visant \u00e0 collecter de l&rsquo;argent dans le public et le redistribuer au moyen de loyers et\/ou d&rsquo;avantages fiscaux \u00e0 ses porteurs de parts, les \u00ab\u00a0associ\u00e9s\u00a0\u00bb. &nbsp; L&rsquo;investissement financier\u00a0 en OPCVM (organisme de<\/p>\n","protected":false},"author":2,"featured_media":0,"parent":0,"menu_order":0,"comment_status":"closed","ping_status":"closed","template":"","meta":{"_monsterinsights_skip_tracking":false,"_monsterinsights_sitenote_active":false,"_monsterinsights_sitenote_note":"","_monsterinsights_sitenote_category":0,"spay_email":""},"yoast_head":"<!-- This site is optimized with the Yoast SEO plugin v17.5 - https:\/\/yoast.com\/wordpress\/plugins\/seo\/ -->\n<title>Placement - Cohen Corporates Assurances<\/title>\n<meta name=\"description\" content=\"Diff\u00e9rents placements immobilier et financier pour la constitution de votre patrimoine. L&#039;investissement immobilier en SCPI et financier en OPCVM.\" \/>\n<meta name=\"robots\" content=\"index, follow, max-snippet:-1, max-image-preview:large, max-video-preview:-1\" \/>\n<link rel=\"canonical\" href=\"https:\/\/form.cohen-corporate-assurances.com\/courtier\/placement\/\" \/>\n<meta property=\"og:locale\" content=\"fr_FR\" \/>\n<meta property=\"og:type\" content=\"article\" \/>\n<meta property=\"og:title\" content=\"Placement - Cohen Corporates Assurances\" \/>\n<meta property=\"og:description\" content=\"Diff\u00e9rents placements immobilier et financier pour la constitution de votre patrimoine. L&#039;investissement immobilier en SCPI et financier en OPCVM.\" \/>\n<meta property=\"og:url\" content=\"https:\/\/form.cohen-corporate-assurances.com\/courtier\/placement\/\" \/>\n<meta property=\"og:site_name\" content=\"Cohen Corporates Assurances\" \/>\n<meta property=\"article:publisher\" content=\"https:\/\/www.facebook.com\/Cohen-Corporate-Conseil-1506485289644638\" \/>\n<meta property=\"article:modified_time\" content=\"2017-02-14T13:16:36+00:00\" \/>\n<meta property=\"og:image\" content=\"http:\/\/cohen-corporate-assurances.com\/courtier\/wp-content\/uploads\/2015\/12\/Image1.png\" \/>\n<meta name=\"twitter:label1\" content=\"Dur\u00e9e de lecture est.\" \/>\n\t<meta name=\"twitter:data1\" content=\"1 minute\" \/>\n<script type=\"application\/ld+json\" class=\"yoast-schema-graph\">{\"@context\":\"https:\/\/schema.org\",\"@graph\":[{\"@type\":\"Organization\",\"@id\":\"https:\/\/form.cohen-corporate-assurances.com\/courtier\/#organization\",\"name\":\"Cohen corporates Assurances\",\"url\":\"https:\/\/form.cohen-corporate-assurances.com\/courtier\/\",\"sameAs\":[\"https:\/\/www.facebook.com\/Cohen-Corporate-Conseil-1506485289644638\",\"https:\/\/www.linkedin.com\/profile\/view?id=326448466\",\"https:\/\/twitter.com\/Cohenyves2\"],\"logo\":{\"@type\":\"ImageObject\",\"@id\":\"https:\/\/form.cohen-corporate-assurances.com\/courtier\/#logo\",\"inLanguage\":\"fr-FR\",\"url\":\"https:\/\/cohen-corporate-assurances.com\/courtier\/wp-content\/uploads\/2017\/02\/logo2017.jpg\",\"contentUrl\":\"https:\/\/cohen-corporate-assurances.com\/courtier\/wp-content\/uploads\/2017\/02\/logo2017.jpg\",\"width\":550,\"height\":181,\"caption\":\"Cohen corporates Assurances\"},\"image\":{\"@id\":\"https:\/\/form.cohen-corporate-assurances.com\/courtier\/#logo\"}},{\"@type\":\"WebSite\",\"@id\":\"https:\/\/form.cohen-corporate-assurances.com\/courtier\/#website\",\"url\":\"https:\/\/form.cohen-corporate-assurances.com\/courtier\/\",\"name\":\"Cohen Corporates Assurances\",\"description\":\"Courtier en Assurance\",\"publisher\":{\"@id\":\"https:\/\/form.cohen-corporate-assurances.com\/courtier\/#organization\"},\"potentialAction\":[{\"@type\":\"SearchAction\",\"target\":{\"@type\":\"EntryPoint\",\"urlTemplate\":\"https:\/\/form.cohen-corporate-assurances.com\/courtier\/?s={search_term_string}\"},\"query-input\":\"required name=search_term_string\"}],\"inLanguage\":\"fr-FR\"},{\"@type\":\"ImageObject\",\"@id\":\"https:\/\/form.cohen-corporate-assurances.com\/courtier\/placement\/#primaryimage\",\"inLanguage\":\"fr-FR\",\"url\":\"http:\/\/cohen-corporate-assurances.com\/courtier\/wp-content\/uploads\/2015\/12\/Image1.png\",\"contentUrl\":\"http:\/\/cohen-corporate-assurances.com\/courtier\/wp-content\/uploads\/2015\/12\/Image1.png\"},{\"@type\":\"WebPage\",\"@id\":\"https:\/\/form.cohen-corporate-assurances.com\/courtier\/placement\/#webpage\",\"url\":\"https:\/\/form.cohen-corporate-assurances.com\/courtier\/placement\/\",\"name\":\"Placement - Cohen Corporates Assurances\",\"isPartOf\":{\"@id\":\"https:\/\/form.cohen-corporate-assurances.com\/courtier\/#website\"},\"primaryImageOfPage\":{\"@id\":\"https:\/\/form.cohen-corporate-assurances.com\/courtier\/placement\/#primaryimage\"},\"datePublished\":\"2017-01-24T14:44:44+00:00\",\"dateModified\":\"2017-02-14T13:16:36+00:00\",\"description\":\"Diff\\u00e9rents placements immobilier et financier pour la constitution de votre patrimoine. L'investissement immobilier en SCPI et financier en OPCVM.\",\"breadcrumb\":{\"@id\":\"https:\/\/form.cohen-corporate-assurances.com\/courtier\/placement\/#breadcrumb\"},\"inLanguage\":\"fr-FR\",\"potentialAction\":[{\"@type\":\"ReadAction\",\"target\":[\"https:\/\/form.cohen-corporate-assurances.com\/courtier\/placement\/\"]}]},{\"@type\":\"BreadcrumbList\",\"@id\":\"https:\/\/form.cohen-corporate-assurances.com\/courtier\/placement\/#breadcrumb\",\"itemListElement\":[{\"@type\":\"ListItem\",\"position\":1,\"name\":\"Accueil\",\"item\":\"https:\/\/form.cohen-corporate-assurances.com\/courtier\/\"},{\"@type\":\"ListItem\",\"position\":2,\"name\":\"Placement\"}]}]}<\/script>\n<!-- \/ Yoast SEO plugin. -->","yoast_head_json":{"title":"Placement - Cohen Corporates Assurances","description":"Diff\u00e9rents placements immobilier et financier pour la constitution de votre patrimoine. L'investissement immobilier en SCPI et financier en OPCVM.","robots":{"index":"index","follow":"follow","max-snippet":"max-snippet:-1","max-image-preview":"max-image-preview:large","max-video-preview":"max-video-preview:-1"},"canonical":"https:\/\/form.cohen-corporate-assurances.com\/courtier\/placement\/","og_locale":"fr_FR","og_type":"article","og_title":"Placement - Cohen Corporates Assurances","og_description":"Diff\u00e9rents placements immobilier et financier pour la constitution de votre patrimoine. L'investissement immobilier en SCPI et financier en OPCVM.","og_url":"https:\/\/form.cohen-corporate-assurances.com\/courtier\/placement\/","og_site_name":"Cohen Corporates Assurances","article_publisher":"https:\/\/www.facebook.com\/Cohen-Corporate-Conseil-1506485289644638","article_modified_time":"2017-02-14T13:16:36+00:00","og_image":[{"url":"http:\/\/cohen-corporate-assurances.com\/courtier\/wp-content\/uploads\/2015\/12\/Image1.png"}],"twitter_misc":{"Dur\u00e9e de lecture est.":"1 minute"},"schema":{"@context":"https:\/\/schema.org","@graph":[{"@type":"Organization","@id":"https:\/\/form.cohen-corporate-assurances.com\/courtier\/#organization","name":"Cohen corporates Assurances","url":"https:\/\/form.cohen-corporate-assurances.com\/courtier\/","sameAs":["https:\/\/www.facebook.com\/Cohen-Corporate-Conseil-1506485289644638","https:\/\/www.linkedin.com\/profile\/view?id=326448466","https:\/\/twitter.com\/Cohenyves2"],"logo":{"@type":"ImageObject","@id":"https:\/\/form.cohen-corporate-assurances.com\/courtier\/#logo","inLanguage":"fr-FR","url":"https:\/\/cohen-corporate-assurances.com\/courtier\/wp-content\/uploads\/2017\/02\/logo2017.jpg","contentUrl":"https:\/\/cohen-corporate-assurances.com\/courtier\/wp-content\/uploads\/2017\/02\/logo2017.jpg","width":550,"height":181,"caption":"Cohen corporates Assurances"},"image":{"@id":"https:\/\/form.cohen-corporate-assurances.com\/courtier\/#logo"}},{"@type":"WebSite","@id":"https:\/\/form.cohen-corporate-assurances.com\/courtier\/#website","url":"https:\/\/form.cohen-corporate-assurances.com\/courtier\/","name":"Cohen Corporates Assurances","description":"Courtier en Assurance","publisher":{"@id":"https:\/\/form.cohen-corporate-assurances.com\/courtier\/#organization"},"potentialAction":[{"@type":"SearchAction","target":{"@type":"EntryPoint","urlTemplate":"https:\/\/form.cohen-corporate-assurances.com\/courtier\/?s={search_term_string}"},"query-input":"required name=search_term_string"}],"inLanguage":"fr-FR"},{"@type":"ImageObject","@id":"https:\/\/form.cohen-corporate-assurances.com\/courtier\/placement\/#primaryimage","inLanguage":"fr-FR","url":"http:\/\/cohen-corporate-assurances.com\/courtier\/wp-content\/uploads\/2015\/12\/Image1.png","contentUrl":"http:\/\/cohen-corporate-assurances.com\/courtier\/wp-content\/uploads\/2015\/12\/Image1.png"},{"@type":"WebPage","@id":"https:\/\/form.cohen-corporate-assurances.com\/courtier\/placement\/#webpage","url":"https:\/\/form.cohen-corporate-assurances.com\/courtier\/placement\/","name":"Placement - Cohen Corporates Assurances","isPartOf":{"@id":"https:\/\/form.cohen-corporate-assurances.com\/courtier\/#website"},"primaryImageOfPage":{"@id":"https:\/\/form.cohen-corporate-assurances.com\/courtier\/placement\/#primaryimage"},"datePublished":"2017-01-24T14:44:44+00:00","dateModified":"2017-02-14T13:16:36+00:00","description":"Diff\u00e9rents placements immobilier et financier pour la constitution de votre patrimoine. L'investissement immobilier en SCPI et financier en OPCVM.","breadcrumb":{"@id":"https:\/\/form.cohen-corporate-assurances.com\/courtier\/placement\/#breadcrumb"},"inLanguage":"fr-FR","potentialAction":[{"@type":"ReadAction","target":["https:\/\/form.cohen-corporate-assurances.com\/courtier\/placement\/"]}]},{"@type":"BreadcrumbList","@id":"https:\/\/form.cohen-corporate-assurances.com\/courtier\/placement\/#breadcrumb","itemListElement":[{"@type":"ListItem","position":1,"name":"Accueil","item":"https:\/\/form.cohen-corporate-assurances.com\/courtier\/"},{"@type":"ListItem","position":2,"name":"Placement"}]}]}},"jetpack_shortlink":"https:\/\/wp.me\/P8pwsQ-9C","_links":{"self":[{"href":"https:\/\/form.cohen-corporate-assurances.com\/courtier\/wp-json\/wp\/v2\/pages\/596"}],"collection":[{"href":"https:\/\/form.cohen-corporate-assurances.com\/courtier\/wp-json\/wp\/v2\/pages"}],"about":[{"href":"https:\/\/form.cohen-corporate-assurances.com\/courtier\/wp-json\/wp\/v2\/types\/page"}],"author":[{"embeddable":true,"href":"https:\/\/form.cohen-corporate-assurances.com\/courtier\/wp-json\/wp\/v2\/users\/2"}],"replies":[{"embeddable":true,"href":"https:\/\/form.cohen-corporate-assurances.com\/courtier\/wp-json\/wp\/v2\/comments?post=596"}],"version-history":[{"count":5,"href":"https:\/\/form.cohen-corporate-assurances.com\/courtier\/wp-json\/wp\/v2\/pages\/596\/revisions"}],"predecessor-version":[{"id":897,"href":"https:\/\/form.cohen-corporate-assurances.com\/courtier\/wp-json\/wp\/v2\/pages\/596\/revisions\/897"}],"wp:attachment":[{"href":"https:\/\/form.cohen-corporate-assurances.com\/courtier\/wp-json\/wp\/v2\/media?parent=596"}],"curies":[{"name":"wp","href":"https:\/\/api.w.org\/{rel}","templated":true}]}}