{"id":598,"date":"2017-01-24T15:45:29","date_gmt":"2017-01-24T14:45:29","guid":{"rendered":"http:\/\/cohen-corporate-assurances.com\/courtier\/?page_id=598"},"modified":"2017-02-14T14:16:28","modified_gmt":"2017-02-14T13:16:28","slug":"protection-familiale","status":"publish","type":"page","link":"https:\/\/form.cohen-corporate-assurances.com\/courtier\/protection-familiale\/","title":{"rendered":"Protection familiale"},"content":{"rendered":"<p style=\"text-align: left;\" align=\"center\">Avec notre protection familiale, vous vous prot\u00e9gez ainsi que vos proches en cas de coups durs. Vous b\u00e9n\u00e9ficiez d\u2019une <strong>aide imm\u00e9diate en cas de maladie entra\u00eenant un arr\u00eat de travail, d\u2019invalidit\u00e9 et de d\u00e9c\u00e8s. <\/strong><\/p>\n<p><iframe loading=\"lazy\" src=\"https:\/\/www.youtube.com\/embed\/UnqIF6VbOYY?rel=0\" width=\"357\" height=\"357\" frameborder=\"0\" allowfullscreen=\"allowfullscreen\"><\/iframe><\/p>\n<p>Contactez nous vite pour toutes informations compl\u00e9mentaires ou demande de devis.<\/p>\n","protected":false},"excerpt":{"rendered":"<p>Avec notre protection familiale, vous vous prot\u00e9gez ainsi que vos proches en cas de coups durs. Vous b\u00e9n\u00e9ficiez d\u2019une aide imm\u00e9diate en cas de maladie entra\u00eenant un arr\u00eat de travail, d\u2019invalidit\u00e9 et de d\u00e9c\u00e8s. Contactez nous vite pour toutes informations compl\u00e9mentaires ou demande de devis.<\/p>\n","protected":false},"author":2,"featured_media":0,"parent":0,"menu_order":0,"comment_status":"closed","ping_status":"closed","template":"","meta":{"_monsterinsights_skip_tracking":false,"_monsterinsights_sitenote_active":false,"_monsterinsights_sitenote_note":"","_monsterinsights_sitenote_category":0,"spay_email":""},"yoast_head":"<!-- This site is optimized with the Yoast SEO plugin v17.5 - https:\/\/yoast.com\/wordpress\/plugins\/seo\/ -->\n<title>Protection familiale - Cohen Corporates Assurances<\/title>\n<meta name=\"description\" content=\"Avec notre protection familiale, vous vous prot\u00e9gez en cas de coups durs imm\u00e9diatement, maladie entra\u00eenant un arr\u00eat de travail, d\u2019invalidit\u00e9 et de d\u00e9c\u00e8s.\" \/>\n<meta name=\"robots\" content=\"index, follow, max-snippet:-1, max-image-preview:large, max-video-preview:-1\" \/>\n<link rel=\"canonical\" href=\"https:\/\/form.cohen-corporate-assurances.com\/courtier\/protection-familiale\/\" \/>\n<meta property=\"og:locale\" content=\"fr_FR\" \/>\n<meta property=\"og:type\" content=\"article\" \/>\n<meta property=\"og:title\" content=\"Protection familiale - Cohen Corporates Assurances\" \/>\n<meta property=\"og:description\" content=\"Avec notre protection familiale, vous vous prot\u00e9gez en cas de coups durs imm\u00e9diatement, maladie entra\u00eenant un arr\u00eat de travail, d\u2019invalidit\u00e9 et de d\u00e9c\u00e8s.\" \/>\n<meta property=\"og:url\" content=\"https:\/\/form.cohen-corporate-assurances.com\/courtier\/protection-familiale\/\" \/>\n<meta property=\"og:site_name\" content=\"Cohen Corporates Assurances\" \/>\n<meta property=\"article:publisher\" content=\"https:\/\/www.facebook.com\/Cohen-Corporate-Conseil-1506485289644638\" \/>\n<meta property=\"article:modified_time\" content=\"2017-02-14T13:16:28+00:00\" \/>\n<meta property=\"og:image\" content=\"http:\/\/cohen-corporate-assurances.com\/courtier\/logo04.jpg\" \/>\n<script type=\"application\/ld+json\" class=\"yoast-schema-graph\">{\"@context\":\"https:\/\/schema.org\",\"@graph\":[{\"@type\":\"Organization\",\"@id\":\"https:\/\/form.cohen-corporate-assurances.com\/courtier\/#organization\",\"name\":\"Cohen corporates Assurances\",\"url\":\"https:\/\/form.cohen-corporate-assurances.com\/courtier\/\",\"sameAs\":[\"https:\/\/www.facebook.com\/Cohen-Corporate-Conseil-1506485289644638\",\"https:\/\/www.linkedin.com\/profile\/view?id=326448466\",\"https:\/\/twitter.com\/Cohenyves2\"],\"logo\":{\"@type\":\"ImageObject\",\"@id\":\"https:\/\/form.cohen-corporate-assurances.com\/courtier\/#logo\",\"inLanguage\":\"fr-FR\",\"url\":\"https:\/\/cohen-corporate-assurances.com\/courtier\/wp-content\/uploads\/2017\/02\/logo2017.jpg\",\"contentUrl\":\"https:\/\/cohen-corporate-assurances.com\/courtier\/wp-content\/uploads\/2017\/02\/logo2017.jpg\",\"width\":550,\"height\":181,\"caption\":\"Cohen corporates Assurances\"},\"image\":{\"@id\":\"https:\/\/form.cohen-corporate-assurances.com\/courtier\/#logo\"}},{\"@type\":\"WebSite\",\"@id\":\"https:\/\/form.cohen-corporate-assurances.com\/courtier\/#website\",\"url\":\"https:\/\/form.cohen-corporate-assurances.com\/courtier\/\",\"name\":\"Cohen Corporates Assurances\",\"description\":\"Courtier en Assurance\",\"publisher\":{\"@id\":\"https:\/\/form.cohen-corporate-assurances.com\/courtier\/#organization\"},\"potentialAction\":[{\"@type\":\"SearchAction\",\"target\":{\"@type\":\"EntryPoint\",\"urlTemplate\":\"https:\/\/form.cohen-corporate-assurances.com\/courtier\/?s={search_term_string}\"},\"query-input\":\"required name=search_term_string\"}],\"inLanguage\":\"fr-FR\"},{\"@type\":\"WebPage\",\"@id\":\"https:\/\/form.cohen-corporate-assurances.com\/courtier\/protection-familiale\/#webpage\",\"url\":\"https:\/\/form.cohen-corporate-assurances.com\/courtier\/protection-familiale\/\",\"name\":\"Protection familiale - Cohen Corporates Assurances\",\"isPartOf\":{\"@id\":\"https:\/\/form.cohen-corporate-assurances.com\/courtier\/#website\"},\"datePublished\":\"2017-01-24T14:45:29+00:00\",\"dateModified\":\"2017-02-14T13:16:28+00:00\",\"description\":\"Avec notre protection familiale, vous vous prot\\u00e9gez en cas de coups durs imm\\u00e9diatement, maladie entra\\u00eenant un arr\\u00eat de travail, d\\u2019invalidit\\u00e9 et de d\\u00e9c\\u00e8s.\",\"breadcrumb\":{\"@id\":\"https:\/\/form.cohen-corporate-assurances.com\/courtier\/protection-familiale\/#breadcrumb\"},\"inLanguage\":\"fr-FR\",\"potentialAction\":[{\"@type\":\"ReadAction\",\"target\":[\"https:\/\/form.cohen-corporate-assurances.com\/courtier\/protection-familiale\/\"]}]},{\"@type\":\"BreadcrumbList\",\"@id\":\"https:\/\/form.cohen-corporate-assurances.com\/courtier\/protection-familiale\/#breadcrumb\",\"itemListElement\":[{\"@type\":\"ListItem\",\"position\":1,\"name\":\"Accueil\",\"item\":\"https:\/\/form.cohen-corporate-assurances.com\/courtier\/\"},{\"@type\":\"ListItem\",\"position\":2,\"name\":\"Protection familiale\"}]}]}<\/script>\n<!-- \/ Yoast SEO plugin. -->","yoast_head_json":{"title":"Protection familiale - Cohen Corporates Assurances","description":"Avec notre protection familiale, vous vous prot\u00e9gez en cas de coups durs imm\u00e9diatement, maladie entra\u00eenant un arr\u00eat de travail, d\u2019invalidit\u00e9 et de d\u00e9c\u00e8s.","robots":{"index":"index","follow":"follow","max-snippet":"max-snippet:-1","max-image-preview":"max-image-preview:large","max-video-preview":"max-video-preview:-1"},"canonical":"https:\/\/form.cohen-corporate-assurances.com\/courtier\/protection-familiale\/","og_locale":"fr_FR","og_type":"article","og_title":"Protection familiale - Cohen Corporates Assurances","og_description":"Avec notre protection familiale, vous vous prot\u00e9gez en cas de coups durs imm\u00e9diatement, maladie entra\u00eenant un arr\u00eat de travail, d\u2019invalidit\u00e9 et de d\u00e9c\u00e8s.","og_url":"https:\/\/form.cohen-corporate-assurances.com\/courtier\/protection-familiale\/","og_site_name":"Cohen Corporates Assurances","article_publisher":"https:\/\/www.facebook.com\/Cohen-Corporate-Conseil-1506485289644638","article_modified_time":"2017-02-14T13:16:28+00:00","og_image":[{"url":"http:\/\/cohen-corporate-assurances.com\/courtier\/logo04.jpg"}],"schema":{"@context":"https:\/\/schema.org","@graph":[{"@type":"Organization","@id":"https:\/\/form.cohen-corporate-assurances.com\/courtier\/#organization","name":"Cohen corporates Assurances","url":"https:\/\/form.cohen-corporate-assurances.com\/courtier\/","sameAs":["https:\/\/www.facebook.com\/Cohen-Corporate-Conseil-1506485289644638","https:\/\/www.linkedin.com\/profile\/view?id=326448466","https:\/\/twitter.com\/Cohenyves2"],"logo":{"@type":"ImageObject","@id":"https:\/\/form.cohen-corporate-assurances.com\/courtier\/#logo","inLanguage":"fr-FR","url":"https:\/\/cohen-corporate-assurances.com\/courtier\/wp-content\/uploads\/2017\/02\/logo2017.jpg","contentUrl":"https:\/\/cohen-corporate-assurances.com\/courtier\/wp-content\/uploads\/2017\/02\/logo2017.jpg","width":550,"height":181,"caption":"Cohen corporates Assurances"},"image":{"@id":"https:\/\/form.cohen-corporate-assurances.com\/courtier\/#logo"}},{"@type":"WebSite","@id":"https:\/\/form.cohen-corporate-assurances.com\/courtier\/#website","url":"https:\/\/form.cohen-corporate-assurances.com\/courtier\/","name":"Cohen Corporates Assurances","description":"Courtier en Assurance","publisher":{"@id":"https:\/\/form.cohen-corporate-assurances.com\/courtier\/#organization"},"potentialAction":[{"@type":"SearchAction","target":{"@type":"EntryPoint","urlTemplate":"https:\/\/form.cohen-corporate-assurances.com\/courtier\/?s={search_term_string}"},"query-input":"required name=search_term_string"}],"inLanguage":"fr-FR"},{"@type":"WebPage","@id":"https:\/\/form.cohen-corporate-assurances.com\/courtier\/protection-familiale\/#webpage","url":"https:\/\/form.cohen-corporate-assurances.com\/courtier\/protection-familiale\/","name":"Protection familiale - Cohen Corporates Assurances","isPartOf":{"@id":"https:\/\/form.cohen-corporate-assurances.com\/courtier\/#website"},"datePublished":"2017-01-24T14:45:29+00:00","dateModified":"2017-02-14T13:16:28+00:00","description":"Avec notre protection familiale, vous vous prot\u00e9gez en cas de coups durs imm\u00e9diatement, maladie entra\u00eenant un arr\u00eat de travail, d\u2019invalidit\u00e9 et de d\u00e9c\u00e8s.","breadcrumb":{"@id":"https:\/\/form.cohen-corporate-assurances.com\/courtier\/protection-familiale\/#breadcrumb"},"inLanguage":"fr-FR","potentialAction":[{"@type":"ReadAction","target":["https:\/\/form.cohen-corporate-assurances.com\/courtier\/protection-familiale\/"]}]},{"@type":"BreadcrumbList","@id":"https:\/\/form.cohen-corporate-assurances.com\/courtier\/protection-familiale\/#breadcrumb","itemListElement":[{"@type":"ListItem","position":1,"name":"Accueil","item":"https:\/\/form.cohen-corporate-assurances.com\/courtier\/"},{"@type":"ListItem","position":2,"name":"Protection familiale"}]}]}},"jetpack_shortlink":"https:\/\/wp.me\/P8pwsQ-9E","_links":{"self":[{"href":"https:\/\/form.cohen-corporate-assurances.com\/courtier\/wp-json\/wp\/v2\/pages\/598"}],"collection":[{"href":"https:\/\/form.cohen-corporate-assurances.com\/courtier\/wp-json\/wp\/v2\/pages"}],"about":[{"href":"https:\/\/form.cohen-corporate-assurances.com\/courtier\/wp-json\/wp\/v2\/types\/page"}],"author":[{"embeddable":true,"href":"https:\/\/form.cohen-corporate-assurances.com\/courtier\/wp-json\/wp\/v2\/users\/2"}],"replies":[{"embeddable":true,"href":"https:\/\/form.cohen-corporate-assurances.com\/courtier\/wp-json\/wp\/v2\/comments?post=598"}],"version-history":[{"count":6,"href":"https:\/\/form.cohen-corporate-assurances.com\/courtier\/wp-json\/wp\/v2\/pages\/598\/revisions"}],"predecessor-version":[{"id":983,"href":"https:\/\/form.cohen-corporate-assurances.com\/courtier\/wp-json\/wp\/v2\/pages\/598\/revisions\/983"}],"wp:attachment":[{"href":"https:\/\/form.cohen-corporate-assurances.com\/courtier\/wp-json\/wp\/v2\/media?parent=598"}],"curies":[{"name":"wp","href":"https:\/\/api.w.org\/{rel}","templated":true}]}}