{"id":9,"date":"2014-08-06T13:59:37","date_gmt":"2014-08-06T13:59:37","guid":{"rendered":"http:\/\/cohen-corporate-assurances.com\/courtier\/?page_id=9"},"modified":"2017-02-07T14:22:07","modified_gmt":"2017-02-07T13:22:07","slug":"a-propos","status":"publish","type":"page","link":"https:\/\/form.cohen-corporate-assurances.com\/courtier\/a-propos\/","title":{"rendered":"Nos engagements"},"content":{"rendered":"<p><strong>Loyaut\u00e9<\/strong> \u2013 <strong>Int\u00e9grit\u00e9<\/strong> \u2013 <strong>Sens de l\u2019\u00e9coute et du service<\/strong> sont les valeurs fondamentales du Groupe Cohen Corporate, sp\u00e9cialis\u00e9 dans la protection juridique et financi\u00e8re des dirigeants d&rsquo;entreprise.<\/p>\n<p>Notre mission est d\u2019accompagner au quotidien le dirigeant d\u2019entreprise dans le cadre de son activit\u00e9 et de lui apporter les solutions les plus innovantes et performantes n\u00e9cessaires \u00e0 sa protection.<\/p>\n<p>Notre mission est de vous accompagner \u00e9tape par \u00e9tape, et jour apr\u00e8s jour pour le d\u00e9veloppement et la\u00a0sauvegarde de votre entreprise.<\/p>\n<p>&nbsp;<\/p>\n<p>\u00ab\u00a0<strong>Nos valeurs&#8230;.essence de\u00a0notre m\u00e9tier\u00a0<\/strong>\u00bb<\/p>\n<p>Notre structure qui a vu son effectif\u00a0grandir au fil de ces derni\u00e8res ann\u00e9es, est emplie de valeurs humaniste et du sens du devoir et du service. Fond\u00e9 par Yves Cohen, courtier en assurances depuis bient\u00f4t 35 ans , l&rsquo;expert a eu\u00a0\u00e0 c\u0153ur de transmettre ces valeurs fondamentales \u00e0 l&rsquo;ensemble de son \u00e9quipe de travail afin de mener \u00e0 bien notre mission \u00e0 vos c\u00f4t\u00e9s\u00a0.<\/p>\n<p>Le cabinet COHEN CORPORATE met son expertise au service de votre entreprise pour\u00a0faire un\u00a0audit pr\u00e9cis de vos besoins en fonction de vos projets.<\/p>\n<p>&nbsp;<\/p>\n<h2>La conjugaison de nos talents&#8230;&#8230;.!<\/h2>\n<p><a href=\"http:\/\/cohen-corporate-assurances.com\/courtier\/wp-content\/uploads\/2017\/01\/logo2017.jpg\"><img loading=\"lazy\" class=\"wp-image-1497 size-medium aligncenter\" src=\"http:\/\/cohen-corporate-assurances.com\/courtier\/wp-content\/uploads\/2017\/01\/logo2017-300x102.jpg\" alt=\"logo groupe cohen corporate\" width=\"300\" height=\"102\" srcset=\"https:\/\/form.cohen-corporate-assurances.com\/courtier\/wp-content\/uploads\/2017\/01\/logo2017-300x102.jpg 300w, https:\/\/form.cohen-corporate-assurances.com\/courtier\/wp-content\/uploads\/2017\/01\/logo2017.jpg 600w\" sizes=\"(max-width: 300px) 100vw, 300px\" \/><\/a><\/p>\n<p>&nbsp;<\/p>\n<p><em><strong>Notre d\u00e9fi quotidien est de vous trouver des solutions adapt\u00e9es\u00a0\u00e0 vos besoins et projets.<\/strong><\/em><\/p>\n<ul>\n<li>Prot\u00e9ger votre patrimoine personnel: protection juridique, responsabilit\u00e9 du dirigeant d&rsquo;entreprise..<\/li>\n<\/ul>\n<ul>\n<li>Prot\u00e9ger votre avenir et celui de vos proches&#8230;<\/li>\n<\/ul>\n<ul>\n<li>Assurer\u00a0une garantie financi\u00e8re:\u00a0comblement de passif, cr\u00e9ances, honoraires et conseils, dommages et int\u00e9r\u00eats&#8230;<\/li>\n<\/ul>\n<ul>\n<li>Financer vos projets : d\u00e9veloppement de votre entreprise&#8230;<\/li>\n<\/ul>\n<p>&nbsp;<\/p>\n<p>Pour toute information compl\u00e9mentaire ou demande de devis, notre \u00e9quipe de conseillers est \u00e0 votre \u00e9coute au <strong>09.72.47.39.38<\/strong><\/p>\n<p>&nbsp;<\/p>\n<p><a href=\"http:\/\/cohen-corporate-assurances.com\/ambitionmag.pdf\" target=\"_blank\">Consulter l&rsquo;article sur notre Cabinet paru dans AmbitonMag<\/a><\/p>\n<p>&nbsp;<\/p>\n","protected":false},"excerpt":{"rendered":"<p>Loyaut\u00e9 \u2013 Int\u00e9grit\u00e9 \u2013 Sens de l\u2019\u00e9coute et du service sont les valeurs fondamentales du Groupe Cohen Corporate, sp\u00e9cialis\u00e9 dans la protection juridique et financi\u00e8re des dirigeants d&rsquo;entreprise. Notre mission est d\u2019accompagner au quotidien le dirigeant d\u2019entreprise dans le cadre de son activit\u00e9 et de lui apporter les solutions les plus innovantes et performantes n\u00e9cessaires<\/p>\n","protected":false},"author":4,"featured_media":0,"parent":0,"menu_order":0,"comment_status":"closed","ping_status":"open","template":"","meta":{"_monsterinsights_skip_tracking":false,"_monsterinsights_sitenote_active":false,"_monsterinsights_sitenote_note":"","_monsterinsights_sitenote_category":0,"spay_email":""},"yoast_head":"<!-- This site is optimized with the Yoast SEO plugin v17.5 - https:\/\/yoast.com\/wordpress\/plugins\/seo\/ -->\n<title>Nos engagements - Cohen Corporates Assurances<\/title>\n<meta name=\"description\" content=\"Vous b\u00e9n\u00e9ficiez d&#039;un diagnostic pr\u00e9cis de votre situation et de vos besoins, et ce quels que soient vos projets et vos pr\u00e9occupations.\" \/>\n<meta name=\"robots\" content=\"index, follow, max-snippet:-1, max-image-preview:large, max-video-preview:-1\" \/>\n<link rel=\"canonical\" href=\"https:\/\/form.cohen-corporate-assurances.com\/courtier\/a-propos\/\" \/>\n<meta property=\"og:locale\" content=\"fr_FR\" \/>\n<meta property=\"og:type\" content=\"article\" \/>\n<meta property=\"og:title\" content=\"Nos engagements - Cohen Corporates Assurances\" \/>\n<meta property=\"og:description\" content=\"Vous b\u00e9n\u00e9ficiez d&#039;un diagnostic pr\u00e9cis de votre situation et de vos besoins, et ce quels que soient vos projets et vos pr\u00e9occupations.\" \/>\n<meta property=\"og:url\" content=\"https:\/\/form.cohen-corporate-assurances.com\/courtier\/a-propos\/\" \/>\n<meta property=\"og:site_name\" content=\"Cohen Corporates Assurances\" \/>\n<meta property=\"article:publisher\" content=\"https:\/\/www.facebook.com\/Cohen-Corporate-Conseil-1506485289644638\" \/>\n<meta property=\"article:modified_time\" content=\"2017-02-07T13:22:07+00:00\" \/>\n<meta property=\"og:image\" content=\"http:\/\/cohen-corporate-assurances.com\/courtier\/wp-content\/uploads\/2017\/01\/logo2017-300x102.jpg\" \/>\n<meta name=\"twitter:label1\" content=\"Dur\u00e9e de lecture est.\" \/>\n\t<meta name=\"twitter:data1\" content=\"1 minute\" \/>\n<script type=\"application\/ld+json\" class=\"yoast-schema-graph\">{\"@context\":\"https:\/\/schema.org\",\"@graph\":[{\"@type\":\"Organization\",\"@id\":\"https:\/\/form.cohen-corporate-assurances.com\/courtier\/#organization\",\"name\":\"Cohen corporates Assurances\",\"url\":\"https:\/\/form.cohen-corporate-assurances.com\/courtier\/\",\"sameAs\":[\"https:\/\/www.facebook.com\/Cohen-Corporate-Conseil-1506485289644638\",\"https:\/\/www.linkedin.com\/profile\/view?id=326448466\",\"https:\/\/twitter.com\/Cohenyves2\"],\"logo\":{\"@type\":\"ImageObject\",\"@id\":\"https:\/\/form.cohen-corporate-assurances.com\/courtier\/#logo\",\"inLanguage\":\"fr-FR\",\"url\":\"https:\/\/cohen-corporate-assurances.com\/courtier\/wp-content\/uploads\/2017\/02\/logo2017.jpg\",\"contentUrl\":\"https:\/\/cohen-corporate-assurances.com\/courtier\/wp-content\/uploads\/2017\/02\/logo2017.jpg\",\"width\":550,\"height\":181,\"caption\":\"Cohen corporates Assurances\"},\"image\":{\"@id\":\"https:\/\/form.cohen-corporate-assurances.com\/courtier\/#logo\"}},{\"@type\":\"WebSite\",\"@id\":\"https:\/\/form.cohen-corporate-assurances.com\/courtier\/#website\",\"url\":\"https:\/\/form.cohen-corporate-assurances.com\/courtier\/\",\"name\":\"Cohen Corporates Assurances\",\"description\":\"Courtier en Assurance\",\"publisher\":{\"@id\":\"https:\/\/form.cohen-corporate-assurances.com\/courtier\/#organization\"},\"potentialAction\":[{\"@type\":\"SearchAction\",\"target\":{\"@type\":\"EntryPoint\",\"urlTemplate\":\"https:\/\/form.cohen-corporate-assurances.com\/courtier\/?s={search_term_string}\"},\"query-input\":\"required name=search_term_string\"}],\"inLanguage\":\"fr-FR\"},{\"@type\":\"ImageObject\",\"@id\":\"https:\/\/form.cohen-corporate-assurances.com\/courtier\/a-propos\/#primaryimage\",\"inLanguage\":\"fr-FR\",\"url\":\"http:\/\/cohen-corporate-assurances.com\/courtier\/wp-content\/uploads\/2017\/01\/logo2017-300x102.jpg\",\"contentUrl\":\"http:\/\/cohen-corporate-assurances.com\/courtier\/wp-content\/uploads\/2017\/01\/logo2017-300x102.jpg\"},{\"@type\":\"WebPage\",\"@id\":\"https:\/\/form.cohen-corporate-assurances.com\/courtier\/a-propos\/#webpage\",\"url\":\"https:\/\/form.cohen-corporate-assurances.com\/courtier\/a-propos\/\",\"name\":\"Nos engagements - Cohen Corporates Assurances\",\"isPartOf\":{\"@id\":\"https:\/\/form.cohen-corporate-assurances.com\/courtier\/#website\"},\"primaryImageOfPage\":{\"@id\":\"https:\/\/form.cohen-corporate-assurances.com\/courtier\/a-propos\/#primaryimage\"},\"datePublished\":\"2014-08-06T13:59:37+00:00\",\"dateModified\":\"2017-02-07T13:22:07+00:00\",\"description\":\"Vous b\\u00e9n\\u00e9ficiez d'un diagnostic pr\\u00e9cis de votre situation et de vos besoins, et ce quels que soient vos projets et vos pr\\u00e9occupations.\",\"breadcrumb\":{\"@id\":\"https:\/\/form.cohen-corporate-assurances.com\/courtier\/a-propos\/#breadcrumb\"},\"inLanguage\":\"fr-FR\",\"potentialAction\":[{\"@type\":\"ReadAction\",\"target\":[\"https:\/\/form.cohen-corporate-assurances.com\/courtier\/a-propos\/\"]}]},{\"@type\":\"BreadcrumbList\",\"@id\":\"https:\/\/form.cohen-corporate-assurances.com\/courtier\/a-propos\/#breadcrumb\",\"itemListElement\":[{\"@type\":\"ListItem\",\"position\":1,\"name\":\"Accueil\",\"item\":\"https:\/\/form.cohen-corporate-assurances.com\/courtier\/\"},{\"@type\":\"ListItem\",\"position\":2,\"name\":\"Nos engagements\"}]}]}<\/script>\n<!-- \/ Yoast SEO plugin. -->","yoast_head_json":{"title":"Nos engagements - Cohen Corporates Assurances","description":"Vous b\u00e9n\u00e9ficiez d'un diagnostic pr\u00e9cis de votre situation et de vos besoins, et ce quels que soient vos projets et vos pr\u00e9occupations.","robots":{"index":"index","follow":"follow","max-snippet":"max-snippet:-1","max-image-preview":"max-image-preview:large","max-video-preview":"max-video-preview:-1"},"canonical":"https:\/\/form.cohen-corporate-assurances.com\/courtier\/a-propos\/","og_locale":"fr_FR","og_type":"article","og_title":"Nos engagements - Cohen Corporates Assurances","og_description":"Vous b\u00e9n\u00e9ficiez d'un diagnostic pr\u00e9cis de votre situation et de vos besoins, et ce quels que soient vos projets et vos pr\u00e9occupations.","og_url":"https:\/\/form.cohen-corporate-assurances.com\/courtier\/a-propos\/","og_site_name":"Cohen Corporates Assurances","article_publisher":"https:\/\/www.facebook.com\/Cohen-Corporate-Conseil-1506485289644638","article_modified_time":"2017-02-07T13:22:07+00:00","og_image":[{"url":"http:\/\/cohen-corporate-assurances.com\/courtier\/wp-content\/uploads\/2017\/01\/logo2017-300x102.jpg"}],"twitter_misc":{"Dur\u00e9e de lecture est.":"1 minute"},"schema":{"@context":"https:\/\/schema.org","@graph":[{"@type":"Organization","@id":"https:\/\/form.cohen-corporate-assurances.com\/courtier\/#organization","name":"Cohen corporates Assurances","url":"https:\/\/form.cohen-corporate-assurances.com\/courtier\/","sameAs":["https:\/\/www.facebook.com\/Cohen-Corporate-Conseil-1506485289644638","https:\/\/www.linkedin.com\/profile\/view?id=326448466","https:\/\/twitter.com\/Cohenyves2"],"logo":{"@type":"ImageObject","@id":"https:\/\/form.cohen-corporate-assurances.com\/courtier\/#logo","inLanguage":"fr-FR","url":"https:\/\/cohen-corporate-assurances.com\/courtier\/wp-content\/uploads\/2017\/02\/logo2017.jpg","contentUrl":"https:\/\/cohen-corporate-assurances.com\/courtier\/wp-content\/uploads\/2017\/02\/logo2017.jpg","width":550,"height":181,"caption":"Cohen corporates Assurances"},"image":{"@id":"https:\/\/form.cohen-corporate-assurances.com\/courtier\/#logo"}},{"@type":"WebSite","@id":"https:\/\/form.cohen-corporate-assurances.com\/courtier\/#website","url":"https:\/\/form.cohen-corporate-assurances.com\/courtier\/","name":"Cohen Corporates Assurances","description":"Courtier en Assurance","publisher":{"@id":"https:\/\/form.cohen-corporate-assurances.com\/courtier\/#organization"},"potentialAction":[{"@type":"SearchAction","target":{"@type":"EntryPoint","urlTemplate":"https:\/\/form.cohen-corporate-assurances.com\/courtier\/?s={search_term_string}"},"query-input":"required name=search_term_string"}],"inLanguage":"fr-FR"},{"@type":"ImageObject","@id":"https:\/\/form.cohen-corporate-assurances.com\/courtier\/a-propos\/#primaryimage","inLanguage":"fr-FR","url":"http:\/\/cohen-corporate-assurances.com\/courtier\/wp-content\/uploads\/2017\/01\/logo2017-300x102.jpg","contentUrl":"http:\/\/cohen-corporate-assurances.com\/courtier\/wp-content\/uploads\/2017\/01\/logo2017-300x102.jpg"},{"@type":"WebPage","@id":"https:\/\/form.cohen-corporate-assurances.com\/courtier\/a-propos\/#webpage","url":"https:\/\/form.cohen-corporate-assurances.com\/courtier\/a-propos\/","name":"Nos engagements - Cohen Corporates Assurances","isPartOf":{"@id":"https:\/\/form.cohen-corporate-assurances.com\/courtier\/#website"},"primaryImageOfPage":{"@id":"https:\/\/form.cohen-corporate-assurances.com\/courtier\/a-propos\/#primaryimage"},"datePublished":"2014-08-06T13:59:37+00:00","dateModified":"2017-02-07T13:22:07+00:00","description":"Vous b\u00e9n\u00e9ficiez d'un diagnostic pr\u00e9cis de votre situation et de vos besoins, et ce quels que soient vos projets et vos pr\u00e9occupations.","breadcrumb":{"@id":"https:\/\/form.cohen-corporate-assurances.com\/courtier\/a-propos\/#breadcrumb"},"inLanguage":"fr-FR","potentialAction":[{"@type":"ReadAction","target":["https:\/\/form.cohen-corporate-assurances.com\/courtier\/a-propos\/"]}]},{"@type":"BreadcrumbList","@id":"https:\/\/form.cohen-corporate-assurances.com\/courtier\/a-propos\/#breadcrumb","itemListElement":[{"@type":"ListItem","position":1,"name":"Accueil","item":"https:\/\/form.cohen-corporate-assurances.com\/courtier\/"},{"@type":"ListItem","position":2,"name":"Nos engagements"}]}]}},"jetpack_shortlink":"https:\/\/wp.me\/P8pwsQ-9","_links":{"self":[{"href":"https:\/\/form.cohen-corporate-assurances.com\/courtier\/wp-json\/wp\/v2\/pages\/9"}],"collection":[{"href":"https:\/\/form.cohen-corporate-assurances.com\/courtier\/wp-json\/wp\/v2\/pages"}],"about":[{"href":"https:\/\/form.cohen-corporate-assurances.com\/courtier\/wp-json\/wp\/v2\/types\/page"}],"author":[{"embeddable":true,"href":"https:\/\/form.cohen-corporate-assurances.com\/courtier\/wp-json\/wp\/v2\/users\/4"}],"replies":[{"embeddable":true,"href":"https:\/\/form.cohen-corporate-assurances.com\/courtier\/wp-json\/wp\/v2\/comments?post=9"}],"version-history":[{"count":21,"href":"https:\/\/form.cohen-corporate-assurances.com\/courtier\/wp-json\/wp\/v2\/pages\/9\/revisions"}],"predecessor-version":[{"id":1616,"href":"https:\/\/form.cohen-corporate-assurances.com\/courtier\/wp-json\/wp\/v2\/pages\/9\/revisions\/1616"}],"wp:attachment":[{"href":"https:\/\/form.cohen-corporate-assurances.com\/courtier\/wp-json\/wp\/v2\/media?parent=9"}],"curies":[{"name":"wp","href":"https:\/\/api.w.org\/{rel}","templated":true}]}}